{"id":3162,"date":"2025-01-18T17:34:22","date_gmt":"2025-01-18T17:34:22","guid":{"rendered":"https:\/\/test-astrapro.margauxlebrun.com\/?page_id=3162"},"modified":"2025-12-04T15:26:02","modified_gmt":"2025-12-04T15:26:02","slug":"content-creation","status":"publish","type":"page","link":"https:\/\/margauxlebrun.com\/en\/content-creation\/","title":{"rendered":"Content creation"},"content":{"rendered":"\n<div class=\"wp-block-cover alignfull has-parallax\" style=\"padding-top:100px;padding-bottom:120px;min-height:606px;aspect-ratio:unset;\"><div class=\"wp-block-cover__image-background wp-image-70 has-parallax\" style=\"background-position:50% 50%;background-image:url(https:\/\/margauxlebrun.com\/wp-content\/uploads\/2025\/01\/fond-hero-videographie.avif)\"><\/div><span aria-hidden=\"true\" class=\"wp-block-cover__background has-black-background-color has-background-dim-20 has-background-dim\"><\/span><div class=\"wp-block-cover__inner-container is-layout-constrained wp-container-core-cover-is-layout-519818cc wp-block-cover-is-layout-constrained\">\n<div class=\"wp-block-group alignfull is-layout-constrained wp-block-group-is-layout-constrained\" style=\"padding-top:0px;padding-bottom:100px\">\n<h2 class=\"wp-block-heading has-text-align-center has-hedvig-letters-serif-regular-font-family\" style=\"font-size:40px\"><\/h2>\n<\/div>\n\n\n\n<div class=\"wp-block-group alignfull is-layout-constrained wp-block-group-is-layout-constrained\" style=\"padding-top:0px;padding-bottom:100px\">\n<h2 class=\"wp-block-heading has-text-align-center has-hedvig-letters-serif-regular-font-family\" style=\"font-size:40px\"><\/h2>\n<\/div>\n\n\n\n<div class=\"wp-block-group alignfull is-layout-constrained wp-block-group-is-layout-constrained\" style=\"padding-top:0px;padding-bottom:100px\">\n<h2 class=\"wp-block-heading has-text-align-center has-hedvig-letters-serif-regular-font-family\" style=\"font-size:40px\">CONTENT CREATION<\/h2>\n<\/div>\n<\/div><\/div>\n\n\n\n<div class=\"wp-block-group alignfull has-background is-layout-constrained wp-container-core-group-is-layout-1257c590 wp-block-group-is-layout-constrained\" style=\"background-color:#9bd7ea4d;margin-top:0;margin-bottom:0;padding-top:5.51rem;padding-right:1rem;padding-bottom:3rem;padding-left:1rem\">\n<h2 class=\"wp-block-heading has-text-align-center has-text-color\" style=\"color:#07277c;font-size:2.61rem;font-style:normal;font-weight:600;line-height:1.5;text-transform:capitalize\"><\/h2>\n\n\n\n<div class=\"wp-block-columns alignwide is-layout-flex wp-container-core-columns-is-layout-9cf8123d wp-block-columns-is-layout-flex\">\n<div class=\"wp-block-column is-layout-flow wp-block-column-is-layout-flow\">\n<figure data-spectra-id=\"spectra-1d3bd5e0-2f36-448f-99a5-5acbae440709\" class=\"wp-block-image size-large has-custom-border\"><img loading=\"lazy\" decoding=\"async\" width=\"1024\" height=\"1024\" src=\"https:\/\/margauxlebrun.com\/wp-content\/uploads\/2025\/01\/P2460557wow-e1737321388694-1024x1024.png\" alt=\"\" class=\"wp-image-842\" srcset=\"https:\/\/margauxlebrun.com\/wp-content\/uploads\/2025\/01\/P2460557wow-e1737321388694-1024x1024.png 1024w, https:\/\/margauxlebrun.com\/wp-content\/uploads\/2025\/01\/P2460557wow-e1737321388694-300x300.png 300w, https:\/\/margauxlebrun.com\/wp-content\/uploads\/2025\/01\/P2460557wow-e1737321388694-150x150.png 150w, https:\/\/margauxlebrun.com\/wp-content\/uploads\/2025\/01\/P2460557wow-e1737321388694-768x768.png 768w, https:\/\/margauxlebrun.com\/wp-content\/uploads\/2025\/01\/P2460557wow-e1737321388694-1536x1536.png 1536w, https:\/\/margauxlebrun.com\/wp-content\/uploads\/2025\/01\/P2460557wow-e1737321388694-2048x2048.png 2048w\" sizes=\"auto, (max-width: 1024px) 100vw, 1024px\" \/><\/figure>\n<\/div>\n\n\n\n<div class=\"wp-block-column is-vertically-aligned-center is-layout-flow wp-block-column-is-layout-flow\" style=\"padding-left:15px\">\n<h2 class=\"wp-block-heading has-text-color has-link-color has-hedvig-letters-serif-regular-font-family wp-elements-bca3605d44e3b178fdf0acd9cd17c8b8\" style=\"color:#141e31;font-size:46px;font-style:normal;font-weight:400;line-height:0.7\">Videography<\/h2>\n\n\n\n<p class=\"has-text-color has-link-color has-work-sans-regular-font-family wp-elements-76f76f5a175e0464770f3b29bcf9275b\" style=\"color:#3f3f3f;font-size:18px;font-style:normal;font-weight:400\">Bring your projects to life with captivating videos tailored to your needs. Whether you want short individual videos ideal for social media, a short film edit perfect for showcasing an event or campaign, or a long film edit to tell a more immersive and detailed story, I make sure to create content that leaves a lasting impression. Each format is carefully designed and optimized for the distribution platform (Instagram, YouTube, website, or other) to maximize the impact of your message.<\/p>\n\n\n\n<div class=\"wp-block-buttons is-content-justification-left is-layout-flex wp-container-core-buttons-is-layout-fc4fd283 wp-block-buttons-is-layout-flex\">\n<div class=\"wp-block-button is-style-fill\"><a class=\"wp-block-button__link has-text-color has-background has-inter-font-family has-custom-font-size wp-element-button\" href=\"https:\/\/margauxlebrun.com\/en\/contact-me\/\" style=\"border-style:none;border-width:0px;border-radius:1.03rem;color:#fffffd;background-color:#187c95;padding-top:0.71rem;padding-right:var(--wp--preset--spacing--20);padding-bottom:0.71rem;padding-left:var(--wp--preset--spacing--20);font-size:0.7rem;font-style:normal;font-weight:700;line-height:1.6;text-transform:uppercase\">I&#8217;m interested!<\/a><\/div>\n<\/div>\n<\/div>\n<\/div>\n\n\n\n<div class=\"wp-block-columns alignwide is-layout-flex wp-container-core-columns-is-layout-2451727d wp-block-columns-is-layout-flex\" style=\"margin-bottom:var(--wp--preset--spacing--70);padding-top:80px;padding-bottom:80px\">\n<div class=\"wp-block-column is-vertically-aligned-center is-layout-flow wp-block-column-is-layout-flow\" style=\"padding-left:15px\">\n<h2 class=\"wp-block-heading has-text-color has-link-color has-hedvig-letters-serif-regular-font-family wp-elements-8e75298146858555fab6ebe8db45be2f\" style=\"color:#141e31;font-size:46px;font-style:normal;font-weight:400;line-height:0.7\">Photography<\/h2>\n\n\n\n<p class=\"has-text-color has-link-color has-work-sans-regular-font-family wp-elements-95a9b6f313348e6d620fbecd59cbff6b\" style=\"color:#3f3f3f;font-size:18px;font-style:normal;font-weight:400\">Capture the essence of your projects with photos that tell your story. Whether you want to showcase your brand, promote a product, immortalize an event, or create striking images for a campaign, I will guide you every step of the way to produce unique and authentic content. I also offer photo shoots for individuals, whether it&#8217;s portraits, atmospheric photos, or unforgettable memories. The photos can be adapted to all media: social networks, websites, brochures, or even large-format prints.<\/p>\n\n\n\n<div class=\"wp-block-buttons is-layout-flex wp-block-buttons-is-layout-flex\">\n<div class=\"wp-block-button is-style-fill\"><a class=\"wp-block-button__link has-text-color has-background has-inter-font-family has-custom-font-size wp-element-button\" href=\"https:\/\/margauxlebrun.com\/en\/contact-me\/\" style=\"border-style:none;border-width:0px;border-radius:1.03rem;color:#fffffd;background-color:#187c95;padding-top:0.71rem;padding-right:var(--wp--preset--spacing--20);padding-bottom:0.71rem;padding-left:var(--wp--preset--spacing--20);font-size:0.7rem;font-style:normal;font-weight:700;line-height:1.6;text-transform:uppercase\">Book your photo shoot<\/a><\/div>\n<\/div>\n<\/div>\n\n\n\n<div class=\"wp-block-column is-layout-flow wp-block-column-is-layout-flow\">\n<figure data-spectra-id=\"spectra-45076e6a-f5a0-49d0-9a3d-5b24e80b7da9\" class=\"wp-block-image size-large has-custom-border\"><img loading=\"lazy\" decoding=\"async\" width=\"1024\" height=\"1024\" src=\"https:\/\/margauxlebrun.com\/wp-content\/uploads\/2025\/01\/P2440826-bw-e1737321719460-1024x1024.png\" alt=\"\" class=\"wp-image-736\" srcset=\"https:\/\/margauxlebrun.com\/wp-content\/uploads\/2025\/01\/P2440826-bw-e1737321719460-1024x1024.png 1024w, https:\/\/margauxlebrun.com\/wp-content\/uploads\/2025\/01\/P2440826-bw-e1737321719460-300x300.png 300w, https:\/\/margauxlebrun.com\/wp-content\/uploads\/2025\/01\/P2440826-bw-e1737321719460-150x150.png 150w, https:\/\/margauxlebrun.com\/wp-content\/uploads\/2025\/01\/P2440826-bw-e1737321719460-768x768.png 768w, https:\/\/margauxlebrun.com\/wp-content\/uploads\/2025\/01\/P2440826-bw-e1737321719460-1536x1536.png 1536w, https:\/\/margauxlebrun.com\/wp-content\/uploads\/2025\/01\/P2440826-bw-e1737321719460-2048x2048.png 2048w\" sizes=\"auto, (max-width: 1024px) 100vw, 1024px\" \/><\/figure>\n<\/div>\n<\/div>\n\n\n\n<div class=\"wp-block-columns alignwide is-layout-flex wp-container-core-columns-is-layout-5d649416 wp-block-columns-is-layout-flex\" style=\"margin-top:var(--wp--preset--spacing--70)\">\n<div class=\"wp-block-column is-layout-flow wp-block-column-is-layout-flow\">\n<figure data-spectra-id=\"spectra-a7a85015-1c2e-4e77-af17-53c0d16a3e1c\" class=\"wp-block-image size-large has-custom-border\"><img loading=\"lazy\" decoding=\"async\" width=\"1024\" height=\"1020\" src=\"https:\/\/margauxlebrun.com\/wp-content\/uploads\/2025\/01\/Capture-decran-2025-01-19-a-22.29.47-1024x1020.png\" alt=\"\" class=\"wp-image-848\" srcset=\"https:\/\/margauxlebrun.com\/wp-content\/uploads\/2025\/01\/Capture-decran-2025-01-19-a-22.29.47-1024x1020.png 1024w, https:\/\/margauxlebrun.com\/wp-content\/uploads\/2025\/01\/Capture-decran-2025-01-19-a-22.29.47-300x300.png 300w, https:\/\/margauxlebrun.com\/wp-content\/uploads\/2025\/01\/Capture-decran-2025-01-19-a-22.29.47-150x150.png 150w, https:\/\/margauxlebrun.com\/wp-content\/uploads\/2025\/01\/Capture-decran-2025-01-19-a-22.29.47-768x765.png 768w, https:\/\/margauxlebrun.com\/wp-content\/uploads\/2025\/01\/Capture-decran-2025-01-19-a-22.29.47-1536x1529.png 1536w, https:\/\/margauxlebrun.com\/wp-content\/uploads\/2025\/01\/Capture-decran-2025-01-19-a-22.29.47.png 1836w\" sizes=\"auto, (max-width: 1024px) 100vw, 1024px\" \/><\/figure>\n<\/div>\n\n\n\n<div class=\"wp-block-column is-vertically-aligned-center is-layout-flow wp-block-column-is-layout-flow\" style=\"padding-left:15px\">\n<h2 class=\"wp-block-heading has-text-color has-link-color has-hedvig-letters-serif-regular-font-family wp-elements-971b4e30e42534e625845f1851a38417\" style=\"color:#141e31;font-size:46px;font-style:normal;font-weight:400;line-height:0.7\">Graphic designs<\/h2>\n\n\n\n<p class=\"has-text-color has-link-color has-work-sans-regular-font-family wp-elements-51f530b11ee7152c94fdc421ba31dba3\" style=\"color:#3f3f3f;font-size:18px;font-style:normal;font-weight:400\">Turn your ideas into striking visuals with custom graphic designs. Whether it&#8217;s for an advertising campaign, event communications, social media posts, printed materials (flyers, posters, brochures), or even custom designs for your website, I put my creativity and expertise at your service.<\/p>\n\n\n\n<p class=\"has-text-color has-link-color has-work-sans-regular-font-family wp-elements-d3fb270ad8a5501f18a9e7f10d142dc0\" style=\"color:#3f3f3f;font-size:18px;font-style:normal;font-weight:400\">Each project is designed to meet your specific objectives, whether it&#8217;s strengthening your visual identity, attracting your audience&#8217;s attention, or conveying a clear and memorable message. With careful attention to detail and consistency in your brand image, my designs adapt perfectly to all media and distribution channels. Together, let&#8217;s bring your projects to life with visuals that captivate and inspire.<\/p>\n\n\n\n<div class=\"wp-block-buttons is-layout-flex wp-block-buttons-is-layout-flex\">\n<div class=\"wp-block-button is-style-fill\"><a class=\"wp-block-button__link has-text-color has-background has-inter-font-family has-custom-font-size wp-element-button\" href=\"https:\/\/margauxlebrun.com\/en\/contact-me\/\" style=\"border-style:none;border-width:0px;border-radius:1.03rem;color:#fffffd;background-color:#187c95;padding-top:0.71rem;padding-right:var(--wp--preset--spacing--20);padding-bottom:0.71rem;padding-left:var(--wp--preset--spacing--20);font-size:0.7rem;font-style:normal;font-weight:700;line-height:1.6;text-transform:uppercase\">Create your custom visuals<\/a><\/div>\n<\/div>\n<\/div>\n<\/div>\n\n\n\n<div class=\"wp-block-group alignwide is-layout-constrained wp-block-group-is-layout-constrained\" style=\"padding-bottom:1rem\"><\/div>\n\n\n\n<!-- Google Tag Manager -->\n<script>(function(w,d,s,l,i){w[l]=w[l]||[];w[l].push({'gtm.start':\nnew Date().getTime(),event:'gtm.js'});var f=d.getElementsByTagName(s)[0],\nj=d.createElement(s),dl=l!='dataLayer'?'&l='+l:'';j.async=true;j.src=\n'https:\/\/www.googletagmanager.com\/gtm.js?id='+i+dl;f.parentNode.insertBefore(j,f);\n})(window,document,'script','dataLayer','GTM-N2DVWMSM');<\/script>\n<!-- End Google Tag Manager -->\n\n\n\n<!-- Google Tag Manager (noscript) -->\n<noscript><iframe src=\"https:\/\/www.googletagmanager.com\/ns.html?id=GTM-N2DVWMSM\"\nheight=\"0\" width=\"0\" style=\"display:none;visibility:hidden\"><\/iframe><\/noscript>\n<!-- End Google Tag Manager (noscript) -->\n<\/div>\n\n\n\n<p><\/p>\n","protected":false},"excerpt":{"rendered":"<p>Videography Bring your projects to life with captivating videos tailored to your needs. Whether you want short individual videos ideal for social media, a short film edit perfect for showcasing an event or campaign, or a long film edit to tell a more immersive and detailed story, I make sure to create content that leaves [&hellip;]<\/p>\n","protected":false},"author":1,"featured_media":0,"parent":0,"menu_order":0,"comment_status":"closed","ping_status":"closed","template":"","meta":{"_uag_custom_page_level_css":"","site-sidebar-layout":"default","site-content-layout":"","ast-site-content-layout":"default","site-content-style":"default","site-sidebar-style":"default","ast-global-header-display":"","ast-banner-title-visibility":"","ast-main-header-display":"","ast-hfb-above-header-display":"","ast-hfb-below-header-display":"","ast-hfb-mobile-header-display":"","site-post-title":"","ast-breadcrumbs-content":"","ast-featured-img":"","footer-sml-layout":"","ast-disable-related-posts":"","theme-transparent-header-meta":"","adv-header-id-meta":"","stick-header-meta":"","header-above-stick-meta":"","header-main-stick-meta":"","header-below-stick-meta":"","astra-migrate-meta-layouts":"default","ast-page-background-enabled":"default","ast-page-background-meta":{"desktop":{"background-color":"var(--ast-global-color-5)","background-image":"","background-repeat":"repeat","background-position":"center center","background-size":"auto","background-attachment":"scroll","background-type":"","background-media":"","overlay-type":"","overlay-color":"","overlay-opacity":"","overlay-gradient":""},"tablet":{"background-color":"","background-image":"","background-repeat":"repeat","background-position":"center center","background-size":"auto","background-attachment":"scroll","background-type":"","background-media":"","overlay-type":"","overlay-color":"","overlay-opacity":"","overlay-gradient":""},"mobile":{"background-color":"","background-image":"","background-repeat":"repeat","background-position":"center center","background-size":"auto","background-attachment":"scroll","background-type":"","background-media":"","overlay-type":"","overlay-color":"","overlay-opacity":"","overlay-gradient":""}},"ast-content-background-meta":{"desktop":{"background-color":"var(--ast-global-color-4)","background-image":"","background-repeat":"repeat","background-position":"center center","background-size":"auto","background-attachment":"scroll","background-type":"","background-media":"","overlay-type":"","overlay-color":"","overlay-opacity":"","overlay-gradient":""},"tablet":{"background-color":"var(--ast-global-color-4)","background-image":"","background-repeat":"repeat","background-position":"center center","background-size":"auto","background-attachment":"scroll","background-type":"","background-media":"","overlay-type":"","overlay-color":"","overlay-opacity":"","overlay-gradient":""},"mobile":{"background-color":"var(--ast-global-color-4)","background-image":"","background-repeat":"repeat","background-position":"center center","background-size":"auto","background-attachment":"scroll","background-type":"","background-media":"","overlay-type":"","overlay-color":"","overlay-opacity":"","overlay-gradient":""}},"ngg_post_thumbnail":0,"spectra_gs_classes":"","footnotes":""},"class_list":["post-3162","page","type-page","status-publish","hentry"],"spectra_custom_meta":{"_yoast_wpseo_title":["Vid\u00e9ographie, Photographie & Design Graphique | Margaux Le Brun"],"_yoast_wpseo_metadesc":["D\u00e9couvrez mes services de cr\u00e9ation de contenu : vid\u00e9ographie, photographie et design graphique. Je vous accompagne pour sublimer vos projets visuels"],"_yoast_wpseo_focuskw":["Cr\u00e9ation de contenu"],"_edit_lock":["1764861965:1"],"_edit_last":["1"],"_yoast_wpseo_linkdex":["59"],"_yoast_wpseo_content_score":["60"],"_yoast_wpseo_estimated-reading-time-minutes":["3"],"_wp_page_template":[""],"_uag_page_assets":["a:9:{s:3:\"css\";s:263:\".uag-blocks-common-selector{z-index:var(--z-index-desktop) !important}@media (max-width: 976px){.uag-blocks-common-selector{z-index:var(--z-index-tablet) !important}}@media (max-width: 767px){.uag-blocks-common-selector{z-index:var(--z-index-mobile) !important}}\n\";s:2:\"js\";s:0:\"\";s:18:\"current_block_list\";a:18:{i:0;s:10:\"core\/cover\";i:1;s:10:\"core\/group\";i:2;s:12:\"core\/heading\";i:3;s:12:\"core\/columns\";i:4;s:11:\"core\/column\";i:5;s:10:\"core\/image\";i:6;s:14:\"core\/paragraph\";i:7;s:12:\"core\/buttons\";i:8;s:11:\"core\/button\";i:9;s:9:\"core\/html\";i:10;s:11:\"core\/search\";i:11;s:17:\"core\/latest-posts\";i:12;s:20:\"core\/latest-comments\";i:13;s:13:\"core\/archives\";i:14;s:15:\"core\/categories\";i:15;s:9:\"core\/list\";i:16;s:14:\"core\/list-item\";i:17;s:14:\"core\/page-list\";}s:8:\"uag_flag\";b:0;s:11:\"uag_version\";s:10:\"1777396232\";s:6:\"gfonts\";a:0:{}s:10:\"gfonts_url\";s:0:\"\";s:12:\"gfonts_files\";a:0:{}s:14:\"uag_faq_layout\";b:0;}"],"copied_media_ids":["a:3:{i:0;i:842;i:1;i:736;i:2;i:848;}"],"referenced_media_ids":["a:0:{}"],"_wpml_word_count":["310"],"astra_style_timestamp_css":["1777309857"],"rank_math_title":["Vid\u00e9ographie, Photographie & Design Graphique | Margaux Le Brun"],"rank_math_description":["D\u00e9couvrez mes services de cr\u00e9ation de contenu : vid\u00e9ographie, photographie et design graphique. Je vous accompagne pour sublimer vos projets visuels"],"rank_math_focus_keyword":["Cr\u00e9ation de contenu"],"rank_math_news_sitemap_robots":["index"],"rank_math_robots":["a:1:{i:0;s:5:\"index\";}"],"rank_math_og_content_image":["a:2:{s:5:\"check\";s:32:\"d2e90ee6617ccbd6c55173bd5cef35de\";s:6:\"images\";a:1:{i:0;i:842;}}"],"rank_math_internal_links_processed":["1"],"_uag_css_file_name":["uag-css-3162.css"]},"uagb_featured_image_src":{"full":false,"thumbnail":false,"medium":false,"medium_large":false,"large":false,"1536x1536":false,"2048x2048":false,"mailpoet_newsletter_max":false},"uagb_author_info":{"display_name":"margaux.lebrun","author_link":"https:\/\/margauxlebrun.com\/en\/author\/margaux-lebrun\/"},"uagb_comment_info":0,"uagb_excerpt":"Videography Bring your projects to life with captivating videos tailored to your needs. Whether you want short individual videos ideal for social media, a short film edit perfect for showcasing an event or campaign, or a long film edit to tell a more immersive and detailed story, I make sure to create content that leaves&hellip;","_links":{"self":[{"href":"https:\/\/margauxlebrun.com\/en\/wp-json\/wp\/v2\/pages\/3162","targetHints":{"allow":["GET"]}}],"collection":[{"href":"https:\/\/margauxlebrun.com\/en\/wp-json\/wp\/v2\/pages"}],"about":[{"href":"https:\/\/margauxlebrun.com\/en\/wp-json\/wp\/v2\/types\/page"}],"author":[{"embeddable":true,"href":"https:\/\/margauxlebrun.com\/en\/wp-json\/wp\/v2\/users\/1"}],"replies":[{"embeddable":true,"href":"https:\/\/margauxlebrun.com\/en\/wp-json\/wp\/v2\/comments?post=3162"}],"version-history":[{"count":0,"href":"https:\/\/margauxlebrun.com\/en\/wp-json\/wp\/v2\/pages\/3162\/revisions"}],"wp:attachment":[{"href":"https:\/\/margauxlebrun.com\/en\/wp-json\/wp\/v2\/media?parent=3162"}],"curies":[{"name":"wp","href":"https:\/\/api.w.org\/{rel}","templated":true}]}}