{"id":3172,"date":"2025-12-04T15:42:17","date_gmt":"2025-12-04T15:42:17","guid":{"rendered":"https:\/\/test-astrapro.margauxlebrun.com\/?page_id=3172"},"modified":"2025-12-04T15:42:54","modified_gmt":"2025-12-04T15:42:54","slug":"seminars-and-conferences","status":"publish","type":"page","link":"https:\/\/margauxlebrun.com\/en\/seminars-and-conferences\/","title":{"rendered":"Seminars and conferences"},"content":{"rendered":"\n<div class=\"wp-block-cover alignfull has-parallax\" style=\"margin-top:0;margin-bottom:0;padding-top:0px;padding-bottom:80px;min-height:605px;aspect-ratio:unset;\"><div class=\"wp-block-cover__image-background wp-image-1547 has-parallax\" style=\"background-position:50% 50%;background-image:url(https:\/\/margauxlebrun.com\/wp-content\/uploads\/2025\/03\/Capture-decran-2025-03-04-a-14.38.44.png)\"><\/div><span aria-hidden=\"true\" class=\"wp-block-cover__background has-black-background-color has-background-dim-40 has-background-dim\"><\/span><div class=\"wp-block-cover__inner-container is-layout-constrained wp-container-core-cover-is-layout-d4c6b484 wp-block-cover-is-layout-constrained\">\n<div style=\"height:50px\" aria-hidden=\"true\" class=\"wp-block-spacer\"><\/div>\n\n\n\n<div style=\"height:50px\" aria-hidden=\"true\" class=\"wp-block-spacer\"><\/div>\n\n\n\n<h1 class=\"wp-block-heading has-text-align-center has-text-color has-link-color has-hedvig-letters-serif-regular-font-family wp-elements-63caf7e9d1bffa04cca6ffe0c24da541\" style=\"color:#ffffff;font-size:40px;font-style:normal;font-weight:400\">SEMINARS AND CONFERENCES<\/h1>\n<\/div><\/div>\n\n\n\n<div class=\"wp-block-group alignfull has-background is-layout-constrained wp-container-core-group-is-layout-1257c590 wp-block-group-is-layout-constrained\" style=\"background-color:#9bd7ea4d;margin-top:0;margin-bottom:0;padding-top:5.51rem;padding-right:1rem;padding-bottom:3rem;padding-left:1rem\">\n<h2 class=\"wp-block-heading has-text-align-center has-text-color\" style=\"color:#07277c;font-size:2.61rem;font-style:normal;font-weight:600;line-height:1.5;text-transform:capitalize\"><\/h2>\n\n\n\n<div class=\"wp-block-columns alignwide is-layout-flex wp-container-core-columns-is-layout-9cf8123d wp-block-columns-is-layout-flex\">\n<div class=\"wp-block-column is-vertically-aligned-center is-layout-flow wp-block-column-is-layout-flow\" style=\"flex-basis:50%\">\n<figure data-spectra-id=\"spectra-c308227b-9bc1-49be-827f-9166c62cf27c\" class=\"wp-block-image alignright size-full has-custom-border\"><img loading=\"lazy\" decoding=\"async\" width=\"2658\" height=\"1482\" src=\"https:\/\/margauxlebrun.com\/wp-content\/uploads\/2025\/03\/Capture-decran-2025-03-04-a-15.16.21.png\" alt=\"\" class=\"wp-image-1569\" srcset=\"https:\/\/margauxlebrun.com\/wp-content\/uploads\/2025\/03\/Capture-decran-2025-03-04-a-15.16.21.png 2658w, https:\/\/margauxlebrun.com\/wp-content\/uploads\/2025\/03\/Capture-decran-2025-03-04-a-15.16.21-300x167.png 300w, https:\/\/margauxlebrun.com\/wp-content\/uploads\/2025\/03\/Capture-decran-2025-03-04-a-15.16.21-1024x571.png 1024w, https:\/\/margauxlebrun.com\/wp-content\/uploads\/2025\/03\/Capture-decran-2025-03-04-a-15.16.21-768x428.png 768w, https:\/\/margauxlebrun.com\/wp-content\/uploads\/2025\/03\/Capture-decran-2025-03-04-a-15.16.21-1536x856.png 1536w, https:\/\/margauxlebrun.com\/wp-content\/uploads\/2025\/03\/Capture-decran-2025-03-04-a-15.16.21-2048x1142.png 2048w\" sizes=\"auto, (max-width: 2658px) 100vw, 2658px\" \/><\/figure>\n\n\n\n<figure data-spectra-id=\"spectra-9ab82950-c2e2-4c9f-a526-55b566a1a49a\" class=\"wp-block-image alignright size-full has-custom-border\"><img loading=\"lazy\" decoding=\"async\" width=\"2560\" height=\"1440\" src=\"https:\/\/margauxlebrun.com\/wp-content\/uploads\/2025\/03\/Ecotourconf6-scaled.jpg\" alt=\"\" class=\"wp-image-1564\" srcset=\"https:\/\/margauxlebrun.com\/wp-content\/uploads\/2025\/03\/Ecotourconf6-scaled.jpg 2560w, https:\/\/margauxlebrun.com\/wp-content\/uploads\/2025\/03\/Ecotourconf6-300x169.jpg 300w, https:\/\/margauxlebrun.com\/wp-content\/uploads\/2025\/03\/Ecotourconf6-1024x576.jpg 1024w, https:\/\/margauxlebrun.com\/wp-content\/uploads\/2025\/03\/Ecotourconf6-768x432.jpg 768w, https:\/\/margauxlebrun.com\/wp-content\/uploads\/2025\/03\/Ecotourconf6-1536x864.jpg 1536w, https:\/\/margauxlebrun.com\/wp-content\/uploads\/2025\/03\/Ecotourconf6-2048x1152.jpg 2048w\" sizes=\"auto, (max-width: 2560px) 100vw, 2560px\" \/><\/figure>\n\n\n\n<figure data-spectra-id=\"spectra-0634293c-e727-49d2-be2b-3bdffa30d0ea\" class=\"wp-block-image alignright size-full has-custom-border\"><img loading=\"lazy\" decoding=\"async\" width=\"2560\" height=\"1920\" src=\"https:\/\/margauxlebrun.com\/wp-content\/uploads\/2025\/03\/Playa7-scaled.jpeg\" alt=\"\" class=\"wp-image-1566\" srcset=\"https:\/\/margauxlebrun.com\/wp-content\/uploads\/2025\/03\/Playa7-scaled.jpeg 2560w, https:\/\/margauxlebrun.com\/wp-content\/uploads\/2025\/03\/Playa7-300x225.jpeg 300w, https:\/\/margauxlebrun.com\/wp-content\/uploads\/2025\/03\/Playa7-1024x768.jpeg 1024w, https:\/\/margauxlebrun.com\/wp-content\/uploads\/2025\/03\/Playa7-768x576.jpeg 768w, https:\/\/margauxlebrun.com\/wp-content\/uploads\/2025\/03\/Playa7-1536x1152.jpeg 1536w, https:\/\/margauxlebrun.com\/wp-content\/uploads\/2025\/03\/Playa7-2048x1536.jpeg 2048w\" sizes=\"auto, (max-width: 2560px) 100vw, 2560px\" \/><\/figure>\n\n\n\n<figure data-spectra-id=\"spectra-9ed01580-1d9e-4e75-8677-820e07b37622\" class=\"wp-block-image alignright size-full has-custom-border\"><img loading=\"lazy\" decoding=\"async\" width=\"2560\" height=\"1920\" src=\"https:\/\/margauxlebrun.com\/wp-content\/uploads\/2025\/03\/28241068-ba62-4c41-a79c-99f6497850e9-scaled.jpg\" alt=\"\" class=\"wp-image-1567\" srcset=\"https:\/\/margauxlebrun.com\/wp-content\/uploads\/2025\/03\/28241068-ba62-4c41-a79c-99f6497850e9-scaled.jpg 2560w, https:\/\/margauxlebrun.com\/wp-content\/uploads\/2025\/03\/28241068-ba62-4c41-a79c-99f6497850e9-300x225.jpg 300w, https:\/\/margauxlebrun.com\/wp-content\/uploads\/2025\/03\/28241068-ba62-4c41-a79c-99f6497850e9-1024x768.jpg 1024w, https:\/\/margauxlebrun.com\/wp-content\/uploads\/2025\/03\/28241068-ba62-4c41-a79c-99f6497850e9-768x576.jpg 768w, https:\/\/margauxlebrun.com\/wp-content\/uploads\/2025\/03\/28241068-ba62-4c41-a79c-99f6497850e9-1536x1152.jpg 1536w, https:\/\/margauxlebrun.com\/wp-content\/uploads\/2025\/03\/28241068-ba62-4c41-a79c-99f6497850e9-2048x1536.jpg 2048w\" sizes=\"auto, (max-width: 2560px) 100vw, 2560px\" \/><\/figure>\n<\/div>\n\n\n\n<div class=\"wp-block-column is-vertically-aligned-center is-layout-flow wp-block-column-is-layout-flow\" style=\"padding-left:15px\">\n<h2 class=\"wp-block-heading has-text-color has-link-color has-hedvig-letters-serif-regular-font-family wp-elements-30a7ce74bc5722d8275934fb8acd2762\" style=\"color:#141e31;font-size:35px;font-style:normal;font-weight:400;line-height:1.2\">Sharks are as frightening as they are fascinating.<\/h2>\n\n\n\n<p class=\"has-text-color has-link-color has-work-sans-regular-font-family wp-elements-db09c67b68e7cf9829d67e689eccb145\" style=\"color:#3f3f3f;font-size:18px;font-style:normal;font-weight:400\">However, these predators, which are essential to the balance of the oceans, are now threatened. Through seminars and conferences, I invite you to discover their true role, to debunk the myths surrounding them, and to understand why their protection is crucial.<\/p>\n\n\n\n<h2 class=\"wp-block-heading has-text-color has-link-color has-hedvig-letters-serif-regular-font-family wp-elements-8f1c26aeee28e9f7ebd8daba99d92de0\" style=\"color:#141e31;font-size:35px;font-style:normal;font-weight:400;line-height:1.2\">Interventions tailored to all audiences.<\/h2>\n\n\n\n<p class=\"has-work-sans-regular-font-family\" style=\"margin-top:0\"><br>Whether you are a school, diving club, company, festival, or trade show, I offer immersive lectures tailored to your audience.<\/p>\n\n\n\n<p class=\"has-work-sans-regular-font-family\">My goal: to raise awareness, inspire, and share in-depth knowledge about sharks, diving interactions, conservation, and the importance of ecotourism.<\/p>\n\n\n\n<h2 class=\"wp-block-heading has-text-color has-link-color has-hedvig-letters-serif-regular-font-family wp-elements-9712835ae18e824ad04d0852a3e45afa\" style=\"color:#141e31;font-size:35px;font-style:normal;font-weight:400;line-height:1.2\">A wide range of fascinating topics.<\/h2>\n\n\n\n<ul class=\"wp-block-list\">\n<li class=\"has-work-sans-regular-font-family\">Sharks : facts and misconceptions<\/li>\n\n\n\n<li class=\"has-work-sans-regular-font-family\">How can you dive safely with them?<\/li>\n\n\n\n<li class=\"has-work-sans-regular-font-family\">Ecotourism as a conservation tool<\/li>\n\n\n\n<li class=\"has-work-sans-regular-font-family\">Citizen science in the service of the oceans<\/li>\n\n\n\n<li class=\"has-work-sans-regular-font-family\">Return from expeditions: immersion in the most memorable encounters<\/li>\n\n\n\n<li class=\"has-work-sans-regular-font-family\">Women&#8217;s shark diving\u2026<\/li>\n<\/ul>\n\n\n\n<h2 class=\"wp-block-heading has-text-color has-link-color has-hedvig-letters-serif-regular-font-family wp-elements-f60c491834eaaf58040bae7049ceb689\" style=\"color:#141e31;font-size:35px;font-style:normal;font-weight:400;line-height:1.2\">In-person or online interventions.<\/h2>\n\n\n\n<p><\/p>\n\n\n\n<p class=\"has-work-sans-regular-font-family\" style=\"margin-top:0\">I travel everywhere to share this passion, but it is also possible to organize conferences via videoconference.<\/p>\n\n\n\n<h2 class=\"wp-block-heading has-text-color has-link-color has-hedvig-letters-serif-regular-font-family wp-elements-09e0ad897ce9ca3bc8e836c6fb2b79fe\" style=\"color:#141e31;margin-right:0;margin-left:0;font-size:35px;font-style:normal;font-weight:400;line-height:1.2\">Make your event unique and engaging!<\/h2>\n\n\n\n<p class=\"has-work-sans-regular-font-family\" style=\"margin-bottom:var(--wp--preset--spacing--70)\">Want to learn more or schedule a presentation? Contact me now!<\/p>\n\n\n\n<div class=\"wp-block-buttons is-content-justification-left is-layout-flex wp-container-core-buttons-is-layout-fc4fd283 wp-block-buttons-is-layout-flex\">\n<div class=\"wp-block-button is-style-fill\"><a class=\"wp-block-button__link has-text-color has-background has-inter-font-family has-text-align-center has-custom-font-size wp-element-button\" href=\"https:\/\/margauxlebrun.com\/en\/contact-me\/\" style=\"border-style:none;border-width:0px;border-radius:1.03rem;color:#fffffd;background-color:#187c95;padding-top:0.71rem;padding-right:var(--wp--preset--spacing--20);padding-bottom:0.71rem;padding-left:var(--wp--preset--spacing--20);font-size:0.7rem;font-style:normal;font-weight:700;line-height:1.6;text-transform:uppercase\">Get in touch with me!<\/a><\/div>\n<\/div>\n<\/div>\n<\/div>\n\n\n\n<div class=\"wp-block-group alignwide is-layout-constrained wp-block-group-is-layout-constrained\" style=\"padding-bottom:1rem\"><\/div>\n\n\n\n<!-- Google Tag Manager -->\n<script>(function(w,d,s,l,i){w[l]=w[l]||[];w[l].push({'gtm.start':\nnew Date().getTime(),event:'gtm.js'});var f=d.getElementsByTagName(s)[0],\nj=d.createElement(s),dl=l!='dataLayer'?'&l='+l:'';j.async=true;j.src=\n'https:\/\/www.googletagmanager.com\/gtm.js?id='+i+dl;f.parentNode.insertBefore(j,f);\n})(window,document,'script','dataLayer','GTM-N2DVWMSM');<\/script>\n<!-- End Google Tag Manager -->\n\n\n\n<!-- Google Tag Manager (noscript) -->\n<noscript><iframe src=\"https:\/\/www.googletagmanager.com\/ns.html?id=GTM-N2DVWMSM\"\nheight=\"0\" width=\"0\" style=\"display:none;visibility:hidden\"><\/iframe><\/noscript>\n<!-- End Google Tag Manager (noscript) -->\n<\/div>\n","protected":false},"excerpt":{"rendered":"<p>Sharks are as frightening as they are fascinating. However, these predators, which are essential to the balance of the oceans, are now threatened. Through seminars and conferences, I invite you to discover their true role, to debunk the myths surrounding them, and to understand why their protection is crucial. Interventions tailored to all audiences. Whether [&hellip;]<\/p>\n","protected":false},"author":1,"featured_media":0,"parent":0,"menu_order":0,"comment_status":"closed","ping_status":"closed","template":"","meta":{"_uag_custom_page_level_css":"","site-sidebar-layout":"default","site-content-layout":"","ast-site-content-layout":"default","site-content-style":"default","site-sidebar-style":"default","ast-global-header-display":"","ast-banner-title-visibility":"","ast-main-header-display":"","ast-hfb-above-header-display":"","ast-hfb-below-header-display":"","ast-hfb-mobile-header-display":"","site-post-title":"","ast-breadcrumbs-content":"","ast-featured-img":"","footer-sml-layout":"","ast-disable-related-posts":"","theme-transparent-header-meta":"","adv-header-id-meta":"","stick-header-meta":"","header-above-stick-meta":"","header-main-stick-meta":"","header-below-stick-meta":"","astra-migrate-meta-layouts":"default","ast-page-background-enabled":"default","ast-page-background-meta":{"desktop":{"background-color":"var(--ast-global-color-5)","background-image":"","background-repeat":"repeat","background-position":"center center","background-size":"auto","background-attachment":"scroll","background-type":"","background-media":"","overlay-type":"","overlay-color":"","overlay-opacity":"","overlay-gradient":""},"tablet":{"background-color":"","background-image":"","background-repeat":"repeat","background-position":"center center","background-size":"auto","background-attachment":"scroll","background-type":"","background-media":"","overlay-type":"","overlay-color":"","overlay-opacity":"","overlay-gradient":""},"mobile":{"background-color":"","background-image":"","background-repeat":"repeat","background-position":"center center","background-size":"auto","background-attachment":"scroll","background-type":"","background-media":"","overlay-type":"","overlay-color":"","overlay-opacity":"","overlay-gradient":""}},"ast-content-background-meta":{"desktop":{"background-color":"var(--ast-global-color-4)","background-image":"","background-repeat":"repeat","background-position":"center center","background-size":"auto","background-attachment":"scroll","background-type":"","background-media":"","overlay-type":"","overlay-color":"","overlay-opacity":"","overlay-gradient":""},"tablet":{"background-color":"var(--ast-global-color-4)","background-image":"","background-repeat":"repeat","background-position":"center center","background-size":"auto","background-attachment":"scroll","background-type":"","background-media":"","overlay-type":"","overlay-color":"","overlay-opacity":"","overlay-gradient":""},"mobile":{"background-color":"var(--ast-global-color-4)","background-image":"","background-repeat":"repeat","background-position":"center center","background-size":"auto","background-attachment":"scroll","background-type":"","background-media":"","overlay-type":"","overlay-color":"","overlay-opacity":"","overlay-gradient":""}},"ngg_post_thumbnail":0,"spectra_gs_classes":"","footnotes":""},"class_list":["post-3172","page","type-page","status-publish","hentry"],"spectra_custom_meta":{"_yoast_wpseo_title":["S\u00e9minaires et Conf\u00e9rences sur les Requins | %%sitename%%"],"_yoast_wpseo_metadesc":["Que vous soyez une \u00e9cole, un club de plong\u00e9e, une entreprise, un festival ou un salon, je propose des conf\u00e9rences immersives adapt\u00e9es \u00e0 votre audience pour sensibiliser, inspirer et transmettre des connaissances approfondies sur les requins, l\u2019interaction en plong\u00e9e, la conservation et l\u2019importance de l\u2019\u00e9cotourisme."],"_yoast_wpseo_focuskw":["S\u00e9minaire Requins"],"_edit_lock":["1764862975:1"],"_edit_last":["1"],"_yoast_wpseo_linkdex":["52"],"_yoast_wpseo_content_score":["90"],"_yoast_wpseo_estimated-reading-time-minutes":["2"],"_wp_page_template":["default"],"_uag_page_assets":["a:9:{s:3:\"css\";s:263:\".uag-blocks-common-selector{z-index:var(--z-index-desktop) !important}@media (max-width: 976px){.uag-blocks-common-selector{z-index:var(--z-index-tablet) !important}}@media (max-width: 767px){.uag-blocks-common-selector{z-index:var(--z-index-mobile) !important}}\n\";s:2:\"js\";s:0:\"\";s:18:\"current_block_list\";a:19:{i:0;s:10:\"core\/cover\";i:1;s:11:\"core\/spacer\";i:2;s:12:\"core\/heading\";i:3;s:10:\"core\/group\";i:4;s:12:\"core\/columns\";i:5;s:11:\"core\/column\";i:6;s:10:\"core\/image\";i:7;s:14:\"core\/paragraph\";i:8;s:9:\"core\/list\";i:9;s:14:\"core\/list-item\";i:10;s:12:\"core\/buttons\";i:11;s:11:\"core\/button\";i:12;s:9:\"core\/html\";i:13;s:11:\"core\/search\";i:14;s:17:\"core\/latest-posts\";i:15;s:20:\"core\/latest-comments\";i:16;s:13:\"core\/archives\";i:17;s:15:\"core\/categories\";i:18;s:14:\"core\/page-list\";}s:8:\"uag_flag\";b:0;s:11:\"uag_version\";s:10:\"1777396505\";s:6:\"gfonts\";a:0:{}s:10:\"gfonts_url\";s:0:\"\";s:12:\"gfonts_files\";a:0:{}s:14:\"uag_faq_layout\";b:0;}"],"copied_media_ids":["a:4:{i:0;i:1569;i:1;i:1564;i:2;i:1566;i:3;i:1567;}"],"referenced_media_ids":["a:0:{}"],"_wpml_word_count":["208"],"astra_style_timestamp_css":["1777347889"],"rank_math_title":["S\u00e9minaires et Conf\u00e9rences sur les Requins | %sitename%"],"rank_math_description":["Que vous soyez une \u00e9cole, un club de plong\u00e9e, une entreprise, un festival ou un salon, je propose des conf\u00e9rences immersives adapt\u00e9es \u00e0 votre audience pour sensibiliser, inspirer et transmettre des connaissances approfondies sur les requins, l\u2019interaction en plong\u00e9e, la conservation et l\u2019importance de l\u2019\u00e9cotourisme."],"rank_math_focus_keyword":["S\u00e9minaire Requins"],"rank_math_news_sitemap_robots":["index"],"rank_math_robots":["a:1:{i:0;s:5:\"index\";}"],"rank_math_og_content_image":["a:2:{s:5:\"check\";s:32:\"e19933c40a02106a7fe03140b44ed190\";s:6:\"images\";a:1:{i:0;i:1569;}}"],"rank_math_internal_links_processed":["1"],"_uag_css_file_name":["uag-css-3172.css"]},"uagb_featured_image_src":{"full":false,"thumbnail":false,"medium":false,"medium_large":false,"large":false,"1536x1536":false,"2048x2048":false,"mailpoet_newsletter_max":false},"uagb_author_info":{"display_name":"margaux.lebrun","author_link":"https:\/\/margauxlebrun.com\/en\/author\/margaux-lebrun\/"},"uagb_comment_info":0,"uagb_excerpt":"Sharks are as frightening as they are fascinating. However, these predators, which are essential to the balance of the oceans, are now threatened. Through seminars and conferences, I invite you to discover their true role, to debunk the myths surrounding them, and to understand why their protection is crucial. Interventions tailored to all audiences. Whether&hellip;","_links":{"self":[{"href":"https:\/\/margauxlebrun.com\/en\/wp-json\/wp\/v2\/pages\/3172","targetHints":{"allow":["GET"]}}],"collection":[{"href":"https:\/\/margauxlebrun.com\/en\/wp-json\/wp\/v2\/pages"}],"about":[{"href":"https:\/\/margauxlebrun.com\/en\/wp-json\/wp\/v2\/types\/page"}],"author":[{"embeddable":true,"href":"https:\/\/margauxlebrun.com\/en\/wp-json\/wp\/v2\/users\/1"}],"replies":[{"embeddable":true,"href":"https:\/\/margauxlebrun.com\/en\/wp-json\/wp\/v2\/comments?post=3172"}],"version-history":[{"count":0,"href":"https:\/\/margauxlebrun.com\/en\/wp-json\/wp\/v2\/pages\/3172\/revisions"}],"wp:attachment":[{"href":"https:\/\/margauxlebrun.com\/en\/wp-json\/wp\/v2\/media?parent=3172"}],"curies":[{"name":"wp","href":"https:\/\/api.w.org\/{rel}","templated":true}]}}