{"id":3184,"date":"2025-12-07T12:44:23","date_gmt":"2025-12-07T12:44:23","guid":{"rendered":"https:\/\/test-astrapro.margauxlebrun.com\/?page_id=3184"},"modified":"2025-12-07T12:44:54","modified_gmt":"2025-12-07T12:44:54","slug":"buceador-profesional","status":"publish","type":"page","link":"https:\/\/margauxlebrun.com\/es\/buceador-profesional\/","title":{"rendered":"Buceador profesional"},"content":{"rendered":"\n<div class=\"wp-block-cover alignfull has-parallax\" style=\"margin-top:0;margin-bottom:0;padding-top:0px;padding-bottom:80px;min-height:605px;aspect-ratio:unset;\"><div class=\"wp-block-cover__image-background wp-image-299 has-parallax\" style=\"background-position:50% 50%;background-image:url(https:\/\/margauxlebrun.com\/wp-content\/uploads\/2025\/01\/20220401_113444-3-scaled.jpg)\"><\/div><span aria-hidden=\"true\" class=\"wp-block-cover__background has-black-background-color has-background-dim-40 has-background-dim\"><\/span><div class=\"wp-block-cover__inner-container is-layout-constrained wp-container-core-cover-is-layout-d4c6b484 wp-block-cover-is-layout-constrained\">\n<div style=\"height:50px\" aria-hidden=\"true\" class=\"wp-block-spacer\"><\/div>\n\n\n\n<div style=\"height:50px\" aria-hidden=\"true\" class=\"wp-block-spacer\"><\/div>\n\n\n\n<h1 class=\"wp-block-heading has-text-align-center has-text-color has-link-color has-hedvig-letters-serif-regular-font-family wp-elements-07a5044600856f1ae3daea617ee49431\" style=\"color:#ffffff;font-size:40px;font-style:normal;font-weight:400\">BUCEADOR PROFESIONAL<\/h1>\n<\/div><\/div>\n\n\n\n<div class=\"wp-block-group alignfull has-background is-layout-constrained wp-container-core-group-is-layout-1257c590 wp-block-group-is-layout-constrained\" style=\"background-color:#9bd7ea4d;margin-top:0;margin-bottom:0;padding-top:5.51rem;padding-right:1rem;padding-bottom:3rem;padding-left:1rem\">\n<h2 class=\"wp-block-heading has-text-align-center has-text-color\" style=\"color:#07277c;font-size:2.61rem;font-style:normal;font-weight:600;line-height:1.5;text-transform:capitalize\"><\/h2>\n\n\n\n<div class=\"wp-block-columns alignwide is-layout-flex wp-container-core-columns-is-layout-9cf8123d wp-block-columns-is-layout-flex\">\n<div class=\"wp-block-column is-layout-flow wp-block-column-is-layout-flow\">\n<figure data-spectra-id=\"spectra-8c7b197e-2cfc-457c-917e-4a78540468d4\" class=\"wp-block-image size-large has-custom-border\"><img loading=\"lazy\" decoding=\"async\" width=\"1024\" height=\"1024\" src=\"https:\/\/margauxlebrun.com\/wp-content\/uploads\/2025\/01\/Capture-decran-2025-01-20-a-15.18.21-1024x1024.png\" alt=\"\" class=\"wp-image-1076\" srcset=\"https:\/\/margauxlebrun.com\/wp-content\/uploads\/2025\/01\/Capture-decran-2025-01-20-a-15.18.21-1024x1024.png 1024w, https:\/\/margauxlebrun.com\/wp-content\/uploads\/2025\/01\/Capture-decran-2025-01-20-a-15.18.21-300x300.png 300w, https:\/\/margauxlebrun.com\/wp-content\/uploads\/2025\/01\/Capture-decran-2025-01-20-a-15.18.21-150x150.png 150w, https:\/\/margauxlebrun.com\/wp-content\/uploads\/2025\/01\/Capture-decran-2025-01-20-a-15.18.21-768x768.png 768w, https:\/\/margauxlebrun.com\/wp-content\/uploads\/2025\/01\/Capture-decran-2025-01-20-a-15.18.21.png 1486w\" sizes=\"auto, (max-width: 1024px) 100vw, 1024px\" \/><\/figure>\n<\/div>\n\n\n\n<div class=\"wp-block-column is-vertically-aligned-center is-layout-flow wp-block-column-is-layout-flow\" style=\"padding-left:15px\">\n<p class=\"has-text-color has-link-color has-work-sans-regular-font-family wp-elements-1e20ce3e8a1fa82dc4daa38d41405200\" style=\"color:#3f3f3f;font-size:18px;font-style:normal;font-weight:400\">Como buceadora profesional CAH1B, pongo mi experiencia al servicio de sus proyectos submarinos, ya sean creativos, cient\u00edficos o t\u00e9cnicos, hasta una profundidad de 30 metros. Mi amplia experiencia me permite adaptarme a m\u00faltiples contextos para responder a sus necesidades espec\u00edficas, garantizando al mismo tiempo intervenciones seguras y respetuosas con los ecosistemas.<\/p>\n\n\n\n<h3 class=\"wp-block-heading has-hedvig-letters-serif-regular-font-family\"><strong>Creaci\u00f3n y rodajes<\/strong><\/h3>\n\n\n\n<p class=\"has-work-sans-regular-font-family\">Colaboro en diversas producciones, desde documentales apasionantes hasta campa\u00f1as publicitarias, realizando tomas submarinas \u00fanicas y t\u00e9cnicamente perfectas. Como buceadora de seguridad, tambi\u00e9n velo por la seguridad de los equipos sobre el terreno, prestando una asistencia t\u00e9cnica indispensable durante los rodajes acu\u00e1ticos.<\/p>\n\n\n\n<h3 class=\"wp-block-heading has-hedvig-letters-serif-regular-font-family\"><strong>Misiones cient\u00edficas<\/strong><\/h3>\n\n\n\n<p class=\"has-work-sans-regular-font-family\">Con una formaci\u00f3n en biolog\u00eda marina y oceanograf\u00eda, colaboro en proyectos de investigaci\u00f3n que requieren competencias espec\u00edficas: toma de muestras, estudios de especies marinas, fotoidentificaci\u00f3n o documentaci\u00f3n de ecosistemas submarinos. Mi experiencia garantiza datos precisos y m\u00e9todos adaptados a los requisitos cient\u00edficos.<\/p>\n\n\n\n<h3 class=\"wp-block-heading has-hedvig-letters-serif-regular-font-family\"><strong>Un servicio a medida<\/strong><\/h3>\n\n\n\n<p class=\"has-text-color has-link-color has-work-sans-regular-font-family wp-elements-33cbeace02512d330c7fb0e73303d6e6\" style=\"color:#3f3f3f;font-size:18px;font-style:normal;font-weight:400\">Con un dominio perfecto del medio acu\u00e1tico, un equipo profesional y la capacidad de adaptarme a condiciones variadas, estoy preparada para afrontar sus retos submarinos. Juntos, daremos vida a sus proyectos con rigor, pasi\u00f3n y creatividad.<\/p>\n\n\n\n<div class=\"wp-block-buttons is-content-justification-left is-layout-flex wp-container-core-buttons-is-layout-a8261ec1 wp-block-buttons-is-layout-flex\" style=\"margin-top:var(--wp--preset--spacing--60)\">\n<div class=\"wp-block-button is-style-fill\"><a class=\"wp-block-button__link has-text-color has-background has-inter-font-family has-custom-font-size wp-element-button\" href=\"https:\/\/margauxlebrun.com\/es\/contacteme\/\" style=\"border-style:none;border-width:0px;border-radius:1.03rem;color:#fffffd;background-color:#187c95;padding-top:0.71rem;padding-right:var(--wp--preset--spacing--20);padding-bottom:0.71rem;padding-left:var(--wp--preset--spacing--20);font-size:0.7rem;font-style:normal;font-weight:700;line-height:1.6;text-transform:uppercase\">\u00a1HABLEMOS DE SU PROYECTO SUBMARINO!<\/a><\/div>\n<\/div>\n<\/div>\n<\/div>\n\n\n\n<!-- Google Tag Manager -->\n<script>(function(w,d,s,l,i){w[l]=w[l]||[];w[l].push({'gtm.start':\nnew Date().getTime(),event:'gtm.js'});var f=d.getElementsByTagName(s)[0],\nj=d.createElement(s),dl=l!='dataLayer'?'&l='+l:'';j.async=true;j.src=\n'https:\/\/www.googletagmanager.com\/gtm.js?id='+i+dl;f.parentNode.insertBefore(j,f);\n})(window,document,'script','dataLayer','GTM-N2DVWMSM');<\/script>\n<!-- End Google Tag Manager -->\n\n\n\n<!-- Google Tag Manager (noscript) -->\n<noscript><iframe src=\"https:\/\/www.googletagmanager.com\/ns.html?id=GTM-N2DVWMSM\"\nheight=\"0\" width=\"0\" style=\"display:none;visibility:hidden\"><\/iframe><\/noscript>\n<!-- End Google Tag Manager (noscript) -->\n<\/div>\n","protected":false},"excerpt":{"rendered":"<p>Como buceadora profesional CAH1B, pongo mi experiencia al servicio de sus proyectos submarinos, ya sean creativos, cient\u00edficos o t\u00e9cnicos, hasta una profundidad de 30 metros. Mi amplia experiencia me permite adaptarme a m\u00faltiples contextos para responder a sus necesidades espec\u00edficas, garantizando al mismo tiempo intervenciones seguras y respetuosas con los ecosistemas. Creaci\u00f3n y rodajes Colaboro [&hellip;]<\/p>\n","protected":false},"author":1,"featured_media":0,"parent":0,"menu_order":0,"comment_status":"closed","ping_status":"closed","template":"","meta":{"_uag_custom_page_level_css":"","site-sidebar-layout":"default","site-content-layout":"","ast-site-content-layout":"default","site-content-style":"default","site-sidebar-style":"default","ast-global-header-display":"","ast-banner-title-visibility":"","ast-main-header-display":"","ast-hfb-above-header-display":"","ast-hfb-below-header-display":"","ast-hfb-mobile-header-display":"","site-post-title":"","ast-breadcrumbs-content":"","ast-featured-img":"","footer-sml-layout":"","ast-disable-related-posts":"","theme-transparent-header-meta":"","adv-header-id-meta":"","stick-header-meta":"","header-above-stick-meta":"","header-main-stick-meta":"","header-below-stick-meta":"","astra-migrate-meta-layouts":"default","ast-page-background-enabled":"default","ast-page-background-meta":{"desktop":{"background-color":"var(--ast-global-color-5)","background-image":"","background-repeat":"repeat","background-position":"center center","background-size":"auto","background-attachment":"scroll","background-type":"","background-media":"","overlay-type":"","overlay-color":"","overlay-opacity":"","overlay-gradient":""},"tablet":{"background-color":"","background-image":"","background-repeat":"repeat","background-position":"center center","background-size":"auto","background-attachment":"scroll","background-type":"","background-media":"","overlay-type":"","overlay-color":"","overlay-opacity":"","overlay-gradient":""},"mobile":{"background-color":"","background-image":"","background-repeat":"repeat","background-position":"center center","background-size":"auto","background-attachment":"scroll","background-type":"","background-media":"","overlay-type":"","overlay-color":"","overlay-opacity":"","overlay-gradient":""}},"ast-content-background-meta":{"desktop":{"background-color":"var(--ast-global-color-4)","background-image":"","background-repeat":"repeat","background-position":"center center","background-size":"auto","background-attachment":"scroll","background-type":"","background-media":"","overlay-type":"","overlay-color":"","overlay-opacity":"","overlay-gradient":""},"tablet":{"background-color":"var(--ast-global-color-4)","background-image":"","background-repeat":"repeat","background-position":"center center","background-size":"auto","background-attachment":"scroll","background-type":"","background-media":"","overlay-type":"","overlay-color":"","overlay-opacity":"","overlay-gradient":""},"mobile":{"background-color":"var(--ast-global-color-4)","background-image":"","background-repeat":"repeat","background-position":"center center","background-size":"auto","background-attachment":"scroll","background-type":"","background-media":"","overlay-type":"","overlay-color":"","overlay-opacity":"","overlay-gradient":""}},"ngg_post_thumbnail":0,"spectra_gs_classes":"","footnotes":""},"class_list":["post-3184","page","type-page","status-publish","hentry"],"spectra_custom_meta":{"_yoast_wpseo_metadesc":["Margaux met son expertise au service de vos projets sous-marins, qu\u2019ils soient cr\u00e9atifs, scientifiques ou techniques, jusqu'\u00e0 30m de profondeur"],"_yoast_wpseo_focuskw":["Plongeur professionnel"],"_edit_lock":["1765111494:1"],"_edit_last":["1"],"_yoast_wpseo_linkdex":["49"],"_yoast_wpseo_content_score":["90"],"_yoast_wpseo_estimated-reading-time-minutes":["2"],"_wp_page_template":["default"],"_uag_page_assets":["a:9:{s:3:\"css\";s:263:\".uag-blocks-common-selector{z-index:var(--z-index-desktop) !important}@media (max-width: 976px){.uag-blocks-common-selector{z-index:var(--z-index-tablet) !important}}@media (max-width: 767px){.uag-blocks-common-selector{z-index:var(--z-index-mobile) !important}}\n\";s:2:\"js\";s:0:\"\";s:18:\"current_block_list\";a:19:{i:0;s:10:\"core\/cover\";i:1;s:11:\"core\/spacer\";i:2;s:12:\"core\/heading\";i:3;s:10:\"core\/group\";i:4;s:12:\"core\/columns\";i:5;s:11:\"core\/column\";i:6;s:10:\"core\/image\";i:8;s:14:\"core\/paragraph\";i:9;s:12:\"core\/buttons\";i:10;s:11:\"core\/button\";i:11;s:9:\"core\/html\";i:12;s:11:\"core\/search\";i:13;s:17:\"core\/latest-posts\";i:14;s:20:\"core\/latest-comments\";i:15;s:13:\"core\/archives\";i:16;s:15:\"core\/categories\";i:17;s:9:\"core\/list\";i:18;s:14:\"core\/list-item\";i:19;s:14:\"core\/page-list\";}s:8:\"uag_flag\";b:0;s:11:\"uag_version\";s:10:\"1777396505\";s:6:\"gfonts\";a:0:{}s:10:\"gfonts_url\";s:0:\"\";s:12:\"gfonts_files\";a:0:{}s:14:\"uag_faq_layout\";b:0;}"],"copied_media_ids":["a:1:{i:0;i:1076;}"],"referenced_media_ids":["a:0:{}"],"_wpml_word_count":["249"],"astra_style_timestamp_css":["1777317152"],"rank_math_description":["Margaux met son expertise au service de vos projets sous-marins, qu\u2019ils soient cr\u00e9atifs, scientifiques ou techniques, jusqu'\u00e0 30m de profondeur"],"rank_math_focus_keyword":["Plongeur professionnel"],"rank_math_news_sitemap_robots":["index"],"rank_math_robots":["a:1:{i:0;s:5:\"index\";}"],"rank_math_og_content_image":["a:2:{s:5:\"check\";s:32:\"a4a4adfd2aa1538238fb4e4e39cc0093\";s:6:\"images\";a:1:{i:0;i:1076;}}"],"rank_math_internal_links_processed":["1"],"_uag_css_file_name":["uag-css-3184.css"]},"uagb_featured_image_src":{"full":false,"thumbnail":false,"medium":false,"medium_large":false,"large":false,"1536x1536":false,"2048x2048":false,"mailpoet_newsletter_max":false},"uagb_author_info":{"display_name":"margaux.lebrun","author_link":"https:\/\/margauxlebrun.com\/es\/author\/margaux-lebrun\/"},"uagb_comment_info":0,"uagb_excerpt":"Como buceadora profesional CAH1B, pongo mi experiencia al servicio de sus proyectos submarinos, ya sean creativos, cient\u00edficos o t\u00e9cnicos, hasta una profundidad de 30 metros. Mi amplia experiencia me permite adaptarme a m\u00faltiples contextos para responder a sus necesidades espec\u00edficas, garantizando al mismo tiempo intervenciones seguras y respetuosas con los ecosistemas. Creaci\u00f3n y rodajes Colaboro&hellip;","_links":{"self":[{"href":"https:\/\/margauxlebrun.com\/es\/wp-json\/wp\/v2\/pages\/3184","targetHints":{"allow":["GET"]}}],"collection":[{"href":"https:\/\/margauxlebrun.com\/es\/wp-json\/wp\/v2\/pages"}],"about":[{"href":"https:\/\/margauxlebrun.com\/es\/wp-json\/wp\/v2\/types\/page"}],"author":[{"embeddable":true,"href":"https:\/\/margauxlebrun.com\/es\/wp-json\/wp\/v2\/users\/1"}],"replies":[{"embeddable":true,"href":"https:\/\/margauxlebrun.com\/es\/wp-json\/wp\/v2\/comments?post=3184"}],"version-history":[{"count":0,"href":"https:\/\/margauxlebrun.com\/es\/wp-json\/wp\/v2\/pages\/3184\/revisions"}],"wp:attachment":[{"href":"https:\/\/margauxlebrun.com\/es\/wp-json\/wp\/v2\/media?parent=3184"}],"curies":[{"name":"wp","href":"https:\/\/api.w.org\/{rel}","templated":true}]}}