{"id":3011,"date":"2025-11-25T15:25:20","date_gmt":"2025-11-25T15:25:20","guid":{"rendered":"https:\/\/test-astrapro.margauxlebrun.com\/?page_id=3011"},"modified":"2026-02-27T10:31:45","modified_gmt":"2026-02-27T10:31:45","slug":"contattami","status":"publish","type":"page","link":"https:\/\/margauxlebrun.com\/it\/contattami\/","title":{"rendered":"Contattami"},"content":{"rendered":"\n<div class=\"wp-block-cover alignfull has-parallax\" style=\"padding-top:2%;min-height:606px;aspect-ratio:unset;\"><div class=\"wp-block-cover__image-background wp-image-41 has-parallax\" style=\"background-position:50% 50%;background-image:url(https:\/\/margauxlebrun.com\/wp-content\/uploads\/2025\/01\/Capture-decran-2025-01-06-a-15.25.23.png)\"><\/div><span aria-hidden=\"true\" class=\"wp-block-cover__background has-black-background-color has-background-dim-30 has-background-dim\"><\/span><div class=\"wp-block-cover__inner-container is-layout-constrained wp-container-core-cover-is-layout-ee51f2d2 wp-block-cover-is-layout-constrained\">\n<div class=\"wp-block-group alignwide is-vertical is-content-justification-center is-layout-flex wp-container-core-group-is-layout-5e763914 wp-block-group-is-layout-flex\" style=\"min-height:8rem\">\n<div class=\"wp-block-group is-layout-constrained wp-container-core-group-is-layout-bea02a06 wp-block-group-is-layout-constrained\">\n<h2 class=\"wp-block-heading has-text-align-center has-text-color has-hedvig-letters-serif-regular-font-family\" style=\"color:#ffffff;margin-top:0rem;margin-bottom:1.01rem;font-size:3.71rem;font-style:normal;font-weight:400;line-height:1;text-transform:capitalize\"><\/h2>\n<\/div>\n\n\n\n<div class=\"wp-block-group is-layout-constrained wp-container-core-group-is-layout-bea02a06 wp-block-group-is-layout-constrained\">\n<h2 class=\"wp-block-heading has-text-align-center has-text-color has-hedvig-letters-serif-regular-font-family\" style=\"color:#ffffff;margin-top:0rem;margin-bottom:1.01rem;font-size:3.71rem;font-style:normal;font-weight:400;line-height:1;text-transform:capitalize\"><\/h2>\n<\/div>\n\n\n\n<div class=\"wp-block-group is-layout-constrained wp-container-core-group-is-layout-bea02a06 wp-block-group-is-layout-constrained\">\n<h2 class=\"wp-block-heading has-text-align-center has-text-color has-hedvig-letters-serif-regular-font-family\" style=\"color:#ffffff;margin-top:0rem;margin-bottom:1.01rem;font-size:3.71rem;font-style:normal;font-weight:400;line-height:1;text-transform:capitalize\"><\/h2>\n\n\n\n<h2 class=\"wp-block-heading has-text-align-center has-text-color has-hedvig-letters-serif-regular-font-family\" style=\"color:#ffffff;margin-top:0rem;margin-bottom:1.01rem;font-size:40px;font-style:normal;font-weight:400;line-height:1;text-transform:capitalize\">CONTATTAMI<\/h2>\n<\/div>\n<\/div>\n<\/div><\/div>\n\n\n\n<section class=\"wp-block-group alignfull has-text-color has-background is-layout-constrained wp-container-core-group-is-layout-4252d6ba wp-block-group-is-layout-constrained\" style=\"color:#03081e;background-color:#9bd7ea4d;margin-top:0px;padding-top:6.51rem;padding-right:1rem;padding-bottom:5.5rem;padding-left:1rem;font-size:1.13rem;font-style:normal;font-weight:400;line-height:1.4\">\n<div class=\"wp-block-group alignfull has-text-color is-layout-constrained wp-container-core-group-is-layout-9f6dfefa wp-block-group-is-layout-constrained\" style=\"color:#252525;margin-top:0px;padding-top:0rem;padding-right:1rem;padding-bottom:0rem;padding-left:1rem;font-size:1.13rem;font-style:normal;font-weight:400;line-height:1.4\">\n<div class=\"wp-block-group alignwide is-layout-constrained wp-block-group-is-layout-constrained\">\n<div class=\"wp-block-group is-layout-constrained wp-block-group-is-layout-constrained\">\n<h2 class=\"wp-block-heading has-text-align-center has-text-color has-hedvig-letters-serif-regular-font-family\" style=\"color:#010101;margin-bottom:0.51rem;font-size:1.5rem;font-style:normal;font-weight:400;line-height:1.2\">Vuoi partecipare a una spedizione?<br>Hai un progetto? Un&#8217;idea? Parliamone!<\/h2>\n\n\n\n<p class=\"has-text-align-center\"><\/p>\n\n\n\n<p class=\"has-text-align-center has-text-color has-work-sans-regular-font-family\" style=\"color:#575763;margin-top:0rem;font-size:0.91rem;font-style:normal;font-weight:400;line-height:1.5\">Sarei lieta di rispondere, scambiare opinioni e collaborare con voi!<\/p>\n\n\n<style id=\"wpforms-css-vars-3014-block-ca4d5822-4451-4e93-9204-eaca912f69b9\">\n\t\t\t\t#wpforms-3014.wpforms-block-ca4d5822-4451-4e93-9204-eaca912f69b9 {\n\t\t\t\t--wpforms-field-size-input-height: 43px;\n--wpforms-field-size-input-spacing: 15px;\n--wpforms-field-size-font-size: 16px;\n--wpforms-field-size-line-height: 19px;\n--wpforms-field-size-padding-h: 14px;\n--wpforms-field-size-checkbox-size: 16px;\n--wpforms-field-size-sublabel-spacing: 5px;\n--wpforms-field-size-icon-size: 1;\n--wpforms-label-size-font-size: 16px;\n--wpforms-label-size-line-height: 19px;\n--wpforms-label-size-sublabel-font-size: 14px;\n--wpforms-label-size-sublabel-line-height: 17px;\n--wpforms-button-size-font-size: 17px;\n--wpforms-button-size-height: 41px;\n--wpforms-button-size-padding-h: 15px;\n--wpforms-button-size-margin-top: 10px;\n\t\t\t}\n\t\t\t<\/style><div class=\"wpforms-container wpforms-container-full wpforms-block wpforms-block-ca4d5822-4451-4e93-9204-eaca912f69b9 wpforms-render-modern\" id=\"wpforms-3014\"><form id=\"wpforms-form-3014\" class=\"wpforms-validate wpforms-form wpforms-ajax-form\" data-formid=\"3014\" method=\"post\" enctype=\"multipart\/form-data\" action=\"\/it\/wp-json\/wp\/v2\/pages\/3011\" data-token=\"95496a75b0e77696bcf57416804c7101\" data-token-time=\"1777401333\"><noscript class=\"wpforms-error-noscript\">Abilita JavaScript nel browser per completare questo modulo.<\/noscript><div id=\"wpforms-error-noscript\" style=\"display: none;\">Abilita JavaScript nel browser per completare questo modulo.<\/div><div class=\"wpforms-field-container\">\t\t<div id=\"wpforms-3014-field_6-container\"\n\t\t\tclass=\"wpforms-field wpforms-field-text\"\n\t\t\tdata-field-type=\"text\"\n\t\t\tdata-field-id=\"6\"\n\t\t\t>\n\t\t\t<label class=\"wpforms-field-label\" for=\"wpforms-3014-field_6\" >servizio interessa? Quale<\/label>\n\t\t\t<input type=\"text\" id=\"wpforms-3014-field_6\" class=\"wpforms-field-medium\" name=\"wpforms[fields][6]\" >\n\t\t<\/div>\n\t\t<div id=\"wpforms-3014-field_1-container\" class=\"wpforms-field wpforms-field-name\" data-field-id=\"1\"><label class=\"wpforms-field-label\" for=\"wpforms-3014-field_1\">Nome e cognome <span class=\"wpforms-required-label\" aria-hidden=\"true\">*<\/span><\/label><input type=\"text\" id=\"wpforms-3014-field_1\" class=\"wpforms-field-medium wpforms-field-required\" name=\"wpforms[fields][1]\" aria-errormessage=\"wpforms-3014-field_1-error\" required><\/div><div id=\"wpforms-3014-field_2-container\" class=\"wpforms-field wpforms-field-email\" data-field-id=\"2\"><label class=\"wpforms-field-label\" for=\"wpforms-3014-field_2\">E-mail <span class=\"wpforms-required-label\" aria-hidden=\"true\">*<\/span><\/label><input type=\"email\" id=\"wpforms-3014-field_2\" class=\"wpforms-field-medium wpforms-field-required\" name=\"wpforms[fields][2]\" spellcheck=\"false\" aria-errormessage=\"wpforms-3014-field_2-error\" required><\/div><div id=\"wpforms-3014-field_4-container\" class=\"wpforms-field wpforms-field-radio\" data-field-id=\"4\"><fieldset><legend class=\"wpforms-field-label\">Quale servizio ti interessa? <span class=\"wpforms-required-label\" aria-hidden=\"true\">*<\/span><\/legend><ul id=\"wpforms-3014-field_4\" class=\"wpforms-field-required\"><li class=\"choice-2 depth-1\"><input type=\"radio\" id=\"wpforms-3014-field_4_2\" name=\"wpforms[fields][4]\" value=\"Spedizioni\" aria-errormessage=\"wpforms-3014-field_4_2-error\" required ><label class=\"wpforms-field-label-inline\" for=\"wpforms-3014-field_4_2\">Spedizioni<\/label><\/li><li class=\"choice-6 depth-1\"><input type=\"radio\" id=\"wpforms-3014-field_4_6\" name=\"wpforms[fields][4]\" value=\"Seminario e workshop\" aria-errormessage=\"wpforms-3014-field_4_6-error\" required ><label class=\"wpforms-field-label-inline\" for=\"wpforms-3014-field_4_6\">Seminario e workshop<\/label><\/li><li class=\"choice-7 depth-1\"><input type=\"radio\" id=\"wpforms-3014-field_4_7\" name=\"wpforms[fields][4]\" value=\"Subacqueo professionista\" aria-errormessage=\"wpforms-3014-field_4_7-error\" required ><label class=\"wpforms-field-label-inline\" for=\"wpforms-3014-field_4_7\">Subacqueo professionista<\/label><\/li><li class=\"choice-4 depth-1\"><input type=\"radio\" id=\"wpforms-3014-field_4_4\" name=\"wpforms[fields][4]\" value=\"Videografia\" aria-errormessage=\"wpforms-3014-field_4_4-error\" required ><label class=\"wpforms-field-label-inline\" for=\"wpforms-3014-field_4_4\">Videografia<\/label><\/li><li class=\"choice-1 depth-1\"><input type=\"radio\" id=\"wpforms-3014-field_4_1\" name=\"wpforms[fields][4]\" value=\"Fotografia\" aria-errormessage=\"wpforms-3014-field_4_1-error\" required ><label class=\"wpforms-field-label-inline\" for=\"wpforms-3014-field_4_1\">Fotografia<\/label><\/li><li class=\"choice-8 depth-1\"><input type=\"radio\" id=\"wpforms-3014-field_4_8\" name=\"wpforms[fields][4]\" value=\"Creazione grafica\" aria-errormessage=\"wpforms-3014-field_4_8-error\" required ><label class=\"wpforms-field-label-inline\" for=\"wpforms-3014-field_4_8\">Creazione grafica<\/label><\/li><li class=\"choice-3 depth-1\"><input type=\"radio\" id=\"wpforms-3014-field_4_3\" name=\"wpforms[fields][4]\" value=\"Stockshots\" aria-errormessage=\"wpforms-3014-field_4_3-error\" required ><label class=\"wpforms-field-label-inline\" for=\"wpforms-3014-field_4_3\">Stockshots<\/label><\/li><li class=\"choice-5 depth-1\"><input type=\"radio\" id=\"wpforms-3014-field_4_5\" name=\"wpforms[fields][4]\" value=\"Progetti collaborativi\" aria-errormessage=\"wpforms-3014-field_4_5-error\" required ><label class=\"wpforms-field-label-inline\" for=\"wpforms-3014-field_4_5\">Progetti collaborativi<\/label><\/li><\/ul><\/fieldset><\/div><div id=\"wpforms-3014-field_3-container\" class=\"wpforms-field wpforms-field-textarea\" data-field-id=\"3\"><label class=\"wpforms-field-label\" for=\"wpforms-3014-field_3\">Messaggio <span class=\"wpforms-required-label\" aria-hidden=\"true\">*<\/span><\/label><textarea id=\"wpforms-3014-field_3\" class=\"wpforms-field-medium wpforms-field-required\" name=\"wpforms[fields][3]\" aria-errormessage=\"wpforms-3014-field_3-error\" required><\/textarea><\/div><div id=\"wpforms-3014-field_5-container\" class=\"wpforms-field wpforms-field-select wpforms-field-select-style-classic\" data-field-id=\"5\"><label class=\"wpforms-field-label\" for=\"wpforms-3014-field_5\">Come avete saputo dei miei servizi?<\/label><select id=\"wpforms-3014-field_5\" class=\"wpforms-field-medium\" name=\"wpforms[fields][5]\"><option value=\"--\"  class=\"choice-7 depth-1\"  >&#8212;<\/option><option value=\"Google\"  class=\"choice-4 depth-1\"  >Google<\/option><option value=\"Instagram\"  class=\"choice-1 depth-1\"  >Instagram<\/option><option value=\"Facebook\"  class=\"choice-2 depth-1\"  >Facebook<\/option><option value=\"Linkedin\"  class=\"choice-6 depth-1\"  >Linkedin<\/option><option value=\"TikTok\"  class=\"choice-5 depth-1\"  >TikTok<\/option><option value=\"Bouche \u00e0 oreille\"  class=\"choice-3 depth-1\"  >Bouche \u00e0 oreille<\/option><\/select><\/div><script>\n\t\t\t\t( function() {\n\t\t\t\t\tconst style = document.createElement( 'style' );\n\t\t\t\t\tstyle.appendChild( document.createTextNode( '#wpforms-3014-field_6-container { position: absolute !important; overflow: hidden !important; display: inline !important; height: 1px !important; width: 1px !important; z-index: -1000 !important; padding: 0 !important; } #wpforms-3014-field_6-container input { visibility: hidden; } #wpforms-conversational-form-page #wpforms-3014-field_6-container label { counter-increment: none; }' ) );\n\t\t\t\t\tdocument.head.appendChild( style );\n\t\t\t\t\tdocument.currentScript?.remove();\n\t\t\t\t} )();\n\t\t\t<\/script><\/div><!-- .wpforms-field-container --><div class=\"wpforms-recaptcha-container wpforms-is-recaptcha wpforms-is-recaptcha-type-v2\" ><div class=\"g-recaptcha\" data-sitekey=\"6LdgjPQqAAAAAPIxOrlT2h4JvAOnoPvkFA2dhigg\"><\/div><input type=\"text\" name=\"g-recaptcha-hidden\" class=\"wpforms-recaptcha-hidden\" style=\"position:absolute!important;clip:rect(0,0,0,0)!important;height:1px!important;width:1px!important;border:0!important;overflow:hidden!important;padding:0!important;margin:0!important;\" data-rule-recaptcha=\"1\"><\/div><div class=\"wpforms-submit-container\" ><input type=\"hidden\" name=\"wpforms[id]\" value=\"3014\"><input type=\"hidden\" name=\"page_title\" value=\"\"><input type=\"hidden\" name=\"page_url\" value=\"https:\/\/margauxlebrun.com\/it\/wp-json\/wp\/v2\/pages\/3011\"><input type=\"hidden\" name=\"url_referer\" value=\"\"><button type=\"submit\" name=\"wpforms[submit]\" id=\"wpforms-submit-3014\" class=\"wpforms-submit\" data-alt-text=\"Invio...\" data-submit-text=\"Inviare\" aria-live=\"assertive\" value=\"wpforms-submit\">Inviare<\/button><img loading=\"lazy\" decoding=\"async\" src=\"https:\/\/margauxlebrun.com\/wp-content\/plugins\/wpforms-lite\/assets\/images\/submit-spin.svg\" class=\"wpforms-submit-spinner\" style=\"display: none;\" width=\"26\" height=\"26\" alt=\"Caricamento\"><\/div><\/form><\/div>  <!-- .wpforms-container --><\/div>\n<\/div>\n<\/div>\n\n\n\n<!-- Google Tag Manager -->\n<script>(function(w,d,s,l,i){w[l]=w[l]||[];w[l].push({'gtm.start':\nnew Date().getTime(),event:'gtm.js'});var f=d.getElementsByTagName(s)[0],\nj=d.createElement(s),dl=l!='dataLayer'?'&l='+l:'';j.async=true;j.src=\n'https:\/\/www.googletagmanager.com\/gtm.js?id='+i+dl;f.parentNode.insertBefore(j,f);\n})(window,document,'script','dataLayer','GTM-N2DVWMSM');<\/script>\n<!-- End Google Tag Manager -->\n\n\n\n<!-- Google Tag Manager (noscript) -->\n<noscript><iframe src=\"https:\/\/www.googletagmanager.com\/ns.html?id=GTM-N2DVWMSM\"\nheight=\"0\" width=\"0\" style=\"display:none;visibility:hidden\"><\/iframe><\/noscript>\n<!-- End Google Tag Manager (noscript) -->\n<\/section>\n\n\n\n<section class=\"wp-block-cover alignfull has-custom-content-position is-position-top-center has-aspect-ratio\" style=\"margin-top:0px;padding-top:0rem;padding-bottom:0px;min-height:710px;aspect-ratio:16\/9;min-height:unset;\"><img decoding=\"async\" class=\"wp-block-cover__image-background wp-image-549\" alt=\"\" src=\"https:\/\/margauxlebrun.com\/wp-content\/uploads\/2025\/01\/Capture-decran-2025-01-06-a-15.29.08.png\" data-object-fit=\"cover\"\/><span aria-hidden=\"true\" class=\"wp-block-cover__background has-black-background-color has-background-dim-40 has-background-dim\"><\/span><div class=\"wp-block-cover__inner-container is-layout-constrained wp-container-core-cover-is-layout-e165fa9a wp-block-cover-is-layout-constrained\">\n<div class=\"wp-block-group is-vertical is-content-justification-stretch is-layout-flex wp-container-core-group-is-layout-7e924153 wp-block-group-is-layout-flex\" style=\"margin-top:8%\">\n<div class=\"wp-block-group is-layout-constrained wp-container-core-group-is-layout-2218ac57 wp-block-group-is-layout-constrained\" style=\"padding-top:5%;padding-bottom:4.01rem\"><\/div>\n<\/div>\n<\/div><\/section>\n","protected":false},"excerpt":{"rendered":"<p>Vuoi partecipare a una spedizione?Hai un progetto? Un&#8217;idea? Parliamone! Sarei lieta di rispondere, scambiare opinioni e collaborare con voi!<\/p>\n","protected":false},"author":1,"featured_media":0,"parent":0,"menu_order":0,"comment_status":"closed","ping_status":"closed","template":"","meta":{"_uag_custom_page_level_css":"","site-sidebar-layout":"default","site-content-layout":"","ast-site-content-layout":"default","site-content-style":"default","site-sidebar-style":"default","ast-global-header-display":"","ast-banner-title-visibility":"","ast-main-header-display":"","ast-hfb-above-header-display":"","ast-hfb-below-header-display":"","ast-hfb-mobile-header-display":"","site-post-title":"","ast-breadcrumbs-content":"","ast-featured-img":"","footer-sml-layout":"","ast-disable-related-posts":"","theme-transparent-header-meta":"","adv-header-id-meta":"","stick-header-meta":"","header-above-stick-meta":"","header-main-stick-meta":"","header-below-stick-meta":"","astra-migrate-meta-layouts":"default","ast-page-background-enabled":"default","ast-page-background-meta":{"desktop":{"background-color":"var(--ast-global-color-5)","background-image":"","background-repeat":"repeat","background-position":"center center","background-size":"auto","background-attachment":"scroll","background-type":"","background-media":"","overlay-type":"","overlay-color":"","overlay-opacity":"","overlay-gradient":""},"tablet":{"background-color":"","background-image":"","background-repeat":"repeat","background-position":"center center","background-size":"auto","background-attachment":"scroll","background-type":"","background-media":"","overlay-type":"","overlay-color":"","overlay-opacity":"","overlay-gradient":""},"mobile":{"background-color":"","background-image":"","background-repeat":"repeat","background-position":"center center","background-size":"auto","background-attachment":"scroll","background-type":"","background-media":"","overlay-type":"","overlay-color":"","overlay-opacity":"","overlay-gradient":""}},"ast-content-background-meta":{"desktop":{"background-color":"var(--ast-global-color-4)","background-image":"","background-repeat":"repeat","background-position":"center center","background-size":"auto","background-attachment":"scroll","background-type":"","background-media":"","overlay-type":"","overlay-color":"","overlay-opacity":"","overlay-gradient":""},"tablet":{"background-color":"var(--ast-global-color-4)","background-image":"","background-repeat":"repeat","background-position":"center center","background-size":"auto","background-attachment":"scroll","background-type":"","background-media":"","overlay-type":"","overlay-color":"","overlay-opacity":"","overlay-gradient":""},"mobile":{"background-color":"var(--ast-global-color-4)","background-image":"","background-repeat":"repeat","background-position":"center center","background-size":"auto","background-attachment":"scroll","background-type":"","background-media":"","overlay-type":"","overlay-color":"","overlay-opacity":"","overlay-gradient":""}},"ngg_post_thumbnail":0,"spectra_gs_classes":"[\"\"]","footnotes":""},"class_list":["post-3011","page","type-page","status-publish","hentry"],"spectra_custom_meta":{"_wp_page_template":["default"],"_yoast_wpseo_title":["Contact | Margaux Le Brun \u2013 Vid\u00e9aste & Guide naturaliste Requins"],"_yoast_wpseo_metadesc":["Contactez Margaux Le Brun, vid\u00e9aste et guide sp\u00e9cialiste des requins, pour une collaboration ou un projet photo\/vid\u00e9o"],"_yoast_wpseo_focuskw":["Contact"],"_edit_lock":["1772188332:1"],"_edit_last":["1"],"_yoast_wpseo_linkdex":["45"],"_yoast_wpseo_content_score":["90"],"_yoast_wpseo_estimated-reading-time-minutes":["1"],"copied_media_ids":["a:1:{i:0;i:0;}"],"referenced_media_ids":["a:0:{}"],"_wpml_word_count":["28"],"astra_style_timestamp_css":["1777396493"],"spectra_gs_classes":["[\"\"]"],"_wpml_location_migration_done":["1"],"_uag_page_assets":["a:9:{s:3:\"css\";s:263:\".uag-blocks-common-selector{z-index:var(--z-index-desktop) !important}@media (max-width: 976px){.uag-blocks-common-selector{z-index:var(--z-index-tablet) !important}}@media (max-width: 767px){.uag-blocks-common-selector{z-index:var(--z-index-mobile) !important}}\n\";s:2:\"js\";s:0:\"\";s:18:\"current_block_list\";a:15:{i:0;s:10:\"core\/cover\";i:1;s:10:\"core\/group\";i:3;s:12:\"core\/heading\";i:4;s:14:\"core\/paragraph\";i:5;s:21:\"wpforms\/form-selector\";i:6;s:9:\"core\/html\";i:7;s:11:\"core\/search\";i:8;s:17:\"core\/latest-posts\";i:9;s:20:\"core\/latest-comments\";i:10;s:13:\"core\/archives\";i:11;s:15:\"core\/categories\";i:12;s:10:\"core\/image\";i:13;s:9:\"core\/list\";i:14;s:14:\"core\/list-item\";i:15;s:14:\"core\/page-list\";}s:8:\"uag_flag\";b:0;s:11:\"uag_version\";s:10:\"1777396232\";s:6:\"gfonts\";a:0:{}s:10:\"gfonts_url\";s:0:\"\";s:12:\"gfonts_files\";a:0:{}s:14:\"uag_faq_layout\";b:0;}"],"rank_math_title":["Contact | Margaux Le Brun \u2013 Vid\u00e9aste & Guide naturaliste Requins"],"rank_math_description":["Contactez Margaux Le Brun, vid\u00e9aste et guide sp\u00e9cialiste des requins, pour une collaboration ou un projet photo\/vid\u00e9o"],"rank_math_focus_keyword":["Contact"],"rank_math_news_sitemap_robots":["index"],"rank_math_robots":["a:1:{i:0;s:5:\"index\";}"],"rank_math_seo_score":["50"],"rank_math_og_content_image":["a:2:{s:5:\"check\";s:32:\"aa0d94a55b05f5208c6480976ac24c03\";s:6:\"images\";a:1:{i:0;s:93:\"https:\/\/margauxlebrun.com\/wp-content\/uploads\/2025\/01\/Capture-decran-2025-01-06-a-15.29.08.png\";}}"],"rank_math_internal_links_processed":["1"],"_uag_css_file_name":["uag-css-3011.css"]},"uagb_featured_image_src":{"full":false,"thumbnail":false,"medium":false,"medium_large":false,"large":false,"1536x1536":false,"2048x2048":false,"mailpoet_newsletter_max":false},"uagb_author_info":{"display_name":"margaux.lebrun","author_link":"https:\/\/margauxlebrun.com\/it\/author\/margaux-lebrun\/"},"uagb_comment_info":0,"uagb_excerpt":"Vuoi partecipare a una spedizione?Hai un progetto? Un&#8217;idea? Parliamone! Sarei lieta di rispondere, scambiare opinioni e collaborare con voi!","_links":{"self":[{"href":"https:\/\/margauxlebrun.com\/it\/wp-json\/wp\/v2\/pages\/3011","targetHints":{"allow":["GET"]}}],"collection":[{"href":"https:\/\/margauxlebrun.com\/it\/wp-json\/wp\/v2\/pages"}],"about":[{"href":"https:\/\/margauxlebrun.com\/it\/wp-json\/wp\/v2\/types\/page"}],"author":[{"embeddable":true,"href":"https:\/\/margauxlebrun.com\/it\/wp-json\/wp\/v2\/users\/1"}],"replies":[{"embeddable":true,"href":"https:\/\/margauxlebrun.com\/it\/wp-json\/wp\/v2\/comments?post=3011"}],"version-history":[{"count":0,"href":"https:\/\/margauxlebrun.com\/it\/wp-json\/wp\/v2\/pages\/3011\/revisions"}],"wp:attachment":[{"href":"https:\/\/margauxlebrun.com\/it\/wp-json\/wp\/v2\/media?parent=3011"}],"curies":[{"name":"wp","href":"https:\/\/api.w.org\/{rel}","templated":true}]}}