{"id":3116,"date":"2025-12-03T20:27:30","date_gmt":"2025-12-03T20:27:30","guid":{"rendered":"https:\/\/test-astrapro.margauxlebrun.com\/?page_id=3116"},"modified":"2025-12-03T20:27:52","modified_gmt":"2025-12-03T20:27:52","slug":"galleria-video","status":"publish","type":"page","link":"https:\/\/margauxlebrun.com\/it\/galleria-video\/","title":{"rendered":"Galleria video"},"content":{"rendered":"\n<div class=\"wp-block-cover alignfull has-parallax\" style=\"margin-top:0;margin-bottom:0;padding-top:0px;padding-bottom:80px;min-height:605px;aspect-ratio:unset;\"><div class=\"wp-block-cover__image-background wp-image-526 has-parallax\" style=\"background-position:50% 50%;background-image:url(https:\/\/margauxlebrun.com\/wp-content\/uploads\/2025\/01\/Capture-decran-2025-01-16-a-20.00.39.png)\"><\/div><span aria-hidden=\"true\" class=\"wp-block-cover__background has-black-background-color has-background-dim-40 has-background-dim\"><\/span><div class=\"wp-block-cover__inner-container is-layout-constrained wp-container-core-cover-is-layout-d4c6b484 wp-block-cover-is-layout-constrained\">\n<div style=\"height:50px\" aria-hidden=\"true\" class=\"wp-block-spacer\"><\/div>\n\n\n\n<div style=\"height:50px\" aria-hidden=\"true\" class=\"wp-block-spacer\"><\/div>\n\n\n\n<h1 class=\"wp-block-heading has-text-align-center has-text-color has-link-color has-hedvig-letters-serif-regular-font-family wp-elements-bb81c2f323ad15d077d8f8202fd736ff\" style=\"color:#ffffff;font-size:40px;font-style:normal;font-weight:400\">GALLERIA VIDEO<\/h1>\n<\/div><\/div>\n\n\n\n<div class=\"wp-block-cover alignfull\" style=\"margin-top:0;margin-bottom:0;padding-top:var(--wp--preset--spacing--80);padding-bottom:var(--wp--preset--spacing--80);min-height:733px;aspect-ratio:unset;\"><img loading=\"lazy\" decoding=\"async\" width=\"2898\" height=\"1608\" class=\"wp-block-cover__image-background wp-image-1877\" alt=\"\" src=\"https:\/\/margauxlebrun.com\/wp-content\/uploads\/2025\/03\/Capture-decran-2025-03-12-a-14.39.08.png\" data-object-fit=\"cover\" srcset=\"https:\/\/margauxlebrun.com\/wp-content\/uploads\/2025\/03\/Capture-decran-2025-03-12-a-14.39.08.png 2898w, https:\/\/margauxlebrun.com\/wp-content\/uploads\/2025\/03\/Capture-decran-2025-03-12-a-14.39.08-300x166.png 300w, https:\/\/margauxlebrun.com\/wp-content\/uploads\/2025\/03\/Capture-decran-2025-03-12-a-14.39.08-1024x568.png 1024w, https:\/\/margauxlebrun.com\/wp-content\/uploads\/2025\/03\/Capture-decran-2025-03-12-a-14.39.08-768x426.png 768w, https:\/\/margauxlebrun.com\/wp-content\/uploads\/2025\/03\/Capture-decran-2025-03-12-a-14.39.08-1536x852.png 1536w, https:\/\/margauxlebrun.com\/wp-content\/uploads\/2025\/03\/Capture-decran-2025-03-12-a-14.39.08-2048x1136.png 2048w\" sizes=\"auto, (max-width: 2898px) 100vw, 2898px\" \/><span aria-hidden=\"true\" class=\"wp-block-cover__background has-black-background-color has-background-dim-70 has-background-dim\"><\/span><div class=\"wp-block-cover__inner-container is-layout-flow wp-block-cover-is-layout-flow\">\n<h2 class=\"wp-block-heading has-text-align-center has-hedvig-letters-serif-regular-font-family\" style=\"padding-top:var(--wp--preset--spacing--50);font-size:42px\">Collaborazione Instagram con African Watersports<\/h2>\n\n\n\n<p class=\"has-text-align-center has-work-sans-regular-font-family\">Brevi video girati e montati per promuovere l&#8217;attivit\u00e0 di Walter Bernardis e il suo centro immersioni African Watersports nel 2025.<\/p>\n\n\n\n<div class=\"wp-block-columns is-layout-flex wp-container-core-columns-is-layout-28f84493 wp-block-columns-is-layout-flex\">\n<div class=\"wp-block-column is-layout-flow wp-block-column-is-layout-flow\">\n<figure class=\"wp-block-video\"><video height=\"1280\" style=\"aspect-ratio: 720 \/ 1280;\" width=\"720\" controls src=\"https:\/\/margauxlebrun.com\/wp-content\/uploads\/2025\/03\/AfricanWaterSports-Collab-1.mp4\"><\/video><\/figure>\n\n\n\n<p class=\"has-text-align-center has-work-sans-regular-font-family has-small-font-size\"><a href=\"https:\/\/www.instagram.com\/p\/DGgMWbQt3BY\/\" target=\"_blank\" rel=\"noopener\">Guarda il reel su Instagram<\/a><\/p>\n<\/div>\n\n\n\n<div class=\"wp-block-column is-layout-flow wp-block-column-is-layout-flow\">\n<figure class=\"wp-block-video\"><video height=\"1280\" style=\"aspect-ratio: 720 \/ 1280;\" width=\"720\" controls src=\"https:\/\/margauxlebrun.com\/wp-content\/uploads\/2025\/03\/AfricanWaterSports-Collab-2.mp4\"><\/video><\/figure>\n\n\n\n<p class=\"has-text-align-center has-work-sans-regular-font-family has-small-font-size\"><a href=\"https:\/\/www.instagram.com\/p\/DGlXFf5tltR\/\" target=\"_blank\" rel=\"noopener\">Guarda il reel su Instagram<\/a><\/p>\n<\/div>\n\n\n\n<div class=\"wp-block-column is-layout-flow wp-block-column-is-layout-flow\"><\/div>\n<\/div>\n<\/div><\/div>\n\n\n\n<div class=\"wp-block-cover alignfull\" style=\"margin-top:0;margin-bottom:0;padding-bottom:0;min-height:733px;aspect-ratio:unset;\"><img loading=\"lazy\" decoding=\"async\" width=\"2660\" height=\"1490\" class=\"wp-block-cover__image-background wp-image-1088\" alt=\"\" src=\"https:\/\/margauxlebrun.com\/wp-content\/uploads\/2025\/01\/Capture-decran-2025-01-20-a-15.36.12.png\" style=\"object-position:29% 52%\" data-object-fit=\"cover\" data-object-position=\"29% 52%\" srcset=\"https:\/\/margauxlebrun.com\/wp-content\/uploads\/2025\/01\/Capture-decran-2025-01-20-a-15.36.12.png 2660w, https:\/\/margauxlebrun.com\/wp-content\/uploads\/2025\/01\/Capture-decran-2025-01-20-a-15.36.12-300x168.png 300w, https:\/\/margauxlebrun.com\/wp-content\/uploads\/2025\/01\/Capture-decran-2025-01-20-a-15.36.12-1024x574.png 1024w, https:\/\/margauxlebrun.com\/wp-content\/uploads\/2025\/01\/Capture-decran-2025-01-20-a-15.36.12-768x430.png 768w, https:\/\/margauxlebrun.com\/wp-content\/uploads\/2025\/01\/Capture-decran-2025-01-20-a-15.36.12-1536x860.png 1536w, https:\/\/margauxlebrun.com\/wp-content\/uploads\/2025\/01\/Capture-decran-2025-01-20-a-15.36.12-2048x1147.png 2048w\" sizes=\"auto, (max-width: 2660px) 100vw, 2660px\" \/><span aria-hidden=\"true\" class=\"wp-block-cover__background has-black-background-color has-background-dim-70 has-background-dim\"><\/span><div class=\"wp-block-cover__inner-container is-layout-flow wp-block-cover-is-layout-flow\">\n<h2 class=\"wp-block-heading has-text-align-center has-hedvig-letters-serif-regular-font-family\" style=\"font-size:42px\">Beuchat Spearfishing e Beuchat Diving<\/h2>\n\n\n\n<p class=\"has-text-align-center has-work-sans-regular-font-family\">Brevi video girati e montati per presentare i nuovi prodotti durante i seminari commerciali 2023 del marchio.<\/p>\n\n\n\n<div class=\"wp-block-columns is-layout-flex wp-container-core-columns-is-layout-28f84493 wp-block-columns-is-layout-flex\">\n<div class=\"wp-block-column is-layout-flow wp-block-column-is-layout-flow\">\n<figure class=\"wp-block-video\"><video height=\"1080\" style=\"aspect-ratio: 1920 \/ 1080;\" width=\"1920\" controls src=\"https:\/\/margauxlebrun.com\/wp-content\/uploads\/2025\/01\/Chasse_Complet-1.mp4\"><\/video><\/figure>\n<\/div>\n\n\n\n<div class=\"wp-block-column is-layout-flow wp-block-column-is-layout-flow\">\n<figure class=\"wp-block-video\"><video height=\"1080\" style=\"aspect-ratio: 1920 \/ 1080;\" width=\"1920\" controls src=\"https:\/\/margauxlebrun.com\/wp-content\/uploads\/2025\/01\/Margaux-Beuchat.mp4\"><\/video><\/figure>\n<\/div>\n<\/div>\n\n\n\n<p class=\"has-text-align-center has-large-font-size\"><\/p>\n<\/div><\/div>\n\n\n\n<div class=\"wp-block-cover alignfull\" style=\"margin-top:0;margin-bottom:0;padding-bottom:0;min-height:1179px;aspect-ratio:unset;\"><img loading=\"lazy\" decoding=\"async\" width=\"2666\" height=\"1212\" class=\"wp-block-cover__image-background wp-image-1114\" alt=\"\" src=\"https:\/\/margauxlebrun.com\/wp-content\/uploads\/2025\/01\/Capture-decran-2025-01-20-a-19.55.06.png\" style=\"object-position:51% 42%\" data-object-fit=\"cover\" data-object-position=\"51% 42%\" srcset=\"https:\/\/margauxlebrun.com\/wp-content\/uploads\/2025\/01\/Capture-decran-2025-01-20-a-19.55.06.png 2666w, https:\/\/margauxlebrun.com\/wp-content\/uploads\/2025\/01\/Capture-decran-2025-01-20-a-19.55.06-300x136.png 300w, https:\/\/margauxlebrun.com\/wp-content\/uploads\/2025\/01\/Capture-decran-2025-01-20-a-19.55.06-1024x466.png 1024w, https:\/\/margauxlebrun.com\/wp-content\/uploads\/2025\/01\/Capture-decran-2025-01-20-a-19.55.06-768x349.png 768w, https:\/\/margauxlebrun.com\/wp-content\/uploads\/2025\/01\/Capture-decran-2025-01-20-a-19.55.06-1536x698.png 1536w, https:\/\/margauxlebrun.com\/wp-content\/uploads\/2025\/01\/Capture-decran-2025-01-20-a-19.55.06-2048x931.png 2048w\" sizes=\"auto, (max-width: 2666px) 100vw, 2666px\" \/><span aria-hidden=\"true\" class=\"wp-block-cover__background has-black-background-color has-background-dim-70 has-background-dim\"><\/span><div class=\"wp-block-cover__inner-container is-layout-flow wp-block-cover-is-layout-flow\">\n<h2 class=\"wp-block-heading has-text-align-center has-hedvig-letters-serif-regular-font-family\" style=\"font-size:42px\">Cortometraggio \u201cIntrospection\u201d<\/h2>\n\n\n\n<p class=\"has-text-align-center has-work-sans-regular-font-family\">Scritto e co-diretto con Steven Surina nel 2022.<\/p>\n\n\n\n<div class=\"wp-block-columns is-layout-flex wp-container-core-columns-is-layout-28f84493 wp-block-columns-is-layout-flex\">\n<div class=\"wp-block-column is-layout-flow wp-block-column-is-layout-flow\">\n<figure class=\"wp-block-embed is-type-video is-provider-youtube wp-block-embed-youtube wp-embed-aspect-16-9 wp-has-aspect-ratio\"><div class=\"wp-block-embed__wrapper\">\n<iframe loading=\"lazy\" title=\"Introspection - 2022\" width=\"500\" height=\"281\" src=\"https:\/\/www.youtube.com\/embed\/HmxcGAzOx0s?feature=oembed\" frameborder=\"0\" allow=\"accelerometer; autoplay; clipboard-write; encrypted-media; gyroscope; picture-in-picture; web-share\" referrerpolicy=\"strict-origin-when-cross-origin\" allowfullscreen><\/iframe>\n<\/div><\/figure>\n<\/div>\n<\/div>\n\n\n\n<p class=\"has-text-align-center has-large-font-size\"><\/p>\n\n\n\n<!-- Google Tag Manager -->\n<script>(function(w,d,s,l,i){w[l]=w[l]||[];w[l].push({'gtm.start':\nnew Date().getTime(),event:'gtm.js'});var f=d.getElementsByTagName(s)[0],\nj=d.createElement(s),dl=l!='dataLayer'?'&l='+l:'';j.async=true;j.src=\n'https:\/\/www.googletagmanager.com\/gtm.js?id='+i+dl;f.parentNode.insertBefore(j,f);\n})(window,document,'script','dataLayer','GTM-N2DVWMSM');<\/script>\n<!-- End Google Tag Manager -->\n\n\n\n<!-- Google Tag Manager (noscript) -->\n<noscript><iframe src=\"https:\/\/www.googletagmanager.com\/ns.html?id=GTM-N2DVWMSM\"\nheight=\"0\" width=\"0\" style=\"display:none;visibility:hidden\"><\/iframe><\/noscript>\n<!-- End Google Tag Manager (noscript) -->\n<\/div><\/div>\n","protected":false},"excerpt":{"rendered":"","protected":false},"author":1,"featured_media":0,"parent":0,"menu_order":0,"comment_status":"closed","ping_status":"closed","template":"","meta":{"_uag_custom_page_level_css":"","site-sidebar-layout":"default","site-content-layout":"","ast-site-content-layout":"default","site-content-style":"default","site-sidebar-style":"default","ast-global-header-display":"","ast-banner-title-visibility":"","ast-main-header-display":"","ast-hfb-above-header-display":"","ast-hfb-below-header-display":"","ast-hfb-mobile-header-display":"","site-post-title":"","ast-breadcrumbs-content":"","ast-featured-img":"","footer-sml-layout":"","ast-disable-related-posts":"","theme-transparent-header-meta":"","adv-header-id-meta":"","stick-header-meta":"","header-above-stick-meta":"","header-main-stick-meta":"","header-below-stick-meta":"","astra-migrate-meta-layouts":"default","ast-page-background-enabled":"default","ast-page-background-meta":{"desktop":{"background-color":"var(--ast-global-color-5)","background-image":"","background-repeat":"repeat","background-position":"center center","background-size":"auto","background-attachment":"scroll","background-type":"","background-media":"","overlay-type":"","overlay-color":"","overlay-opacity":"","overlay-gradient":""},"tablet":{"background-color":"","background-image":"","background-repeat":"repeat","background-position":"center center","background-size":"auto","background-attachment":"scroll","background-type":"","background-media":"","overlay-type":"","overlay-color":"","overlay-opacity":"","overlay-gradient":""},"mobile":{"background-color":"","background-image":"","background-repeat":"repeat","background-position":"center center","background-size":"auto","background-attachment":"scroll","background-type":"","background-media":"","overlay-type":"","overlay-color":"","overlay-opacity":"","overlay-gradient":""}},"ast-content-background-meta":{"desktop":{"background-color":"var(--ast-global-color-4)","background-image":"","background-repeat":"repeat","background-position":"center center","background-size":"auto","background-attachment":"scroll","background-type":"","background-media":"","overlay-type":"","overlay-color":"","overlay-opacity":"","overlay-gradient":""},"tablet":{"background-color":"var(--ast-global-color-4)","background-image":"","background-repeat":"repeat","background-position":"center center","background-size":"auto","background-attachment":"scroll","background-type":"","background-media":"","overlay-type":"","overlay-color":"","overlay-opacity":"","overlay-gradient":""},"mobile":{"background-color":"var(--ast-global-color-4)","background-image":"","background-repeat":"repeat","background-position":"center center","background-size":"auto","background-attachment":"scroll","background-type":"","background-media":"","overlay-type":"","overlay-color":"","overlay-opacity":"","overlay-gradient":""}},"ngg_post_thumbnail":0,"spectra_gs_classes":"","footnotes":""},"class_list":["post-3116","page","type-page","status-publish","hentry"],"spectra_custom_meta":{"_yoast_wpseo_title":["Galerie Vid\u00e9o: Visionnez Mes Projets Vid\u00e9os et Contenus Multim\u00e9dias | Margaux Le Brun"],"_yoast_wpseo_metadesc":["D\u00e9couvrez ma galerie vid\u00e9o et explorez mes diff\u00e9rents projets vid\u00e9ographiques, allant de courtes capsules vid\u00e9os aux court-m\u00e9trages po\u00e9tiques"],"_yoast_wpseo_focuskw":["Projet vid\u00e9o"],"_edit_lock":["1764793672:1"],"_oembed_75d9f8a851d51afff893a14add26f200":["<iframe title=\"Introspection - 2022\" width=\"500\" height=\"281\" src=\"https:\/\/www.youtube.com\/embed\/HmxcGAzOx0s?feature=oembed\" frameborder=\"0\" allow=\"accelerometer; autoplay; clipboard-write; encrypted-media; gyroscope; picture-in-picture; web-share\" referrerpolicy=\"strict-origin-when-cross-origin\" allowfullscreen><\/iframe>"],"_oembed_time_75d9f8a851d51afff893a14add26f200":["1764793535"],"_edit_last":["1"],"_yoast_wpseo_linkdex":["41"],"_yoast_wpseo_content_score":["90"],"_yoast_wpseo_estimated-reading-time-minutes":["1"],"_wp_page_template":["default"],"_oembed_aa4ddcc81f0efde5b3774d5b44a4601c":["<iframe title=\"Introspection - 2022\" width=\"1200\" height=\"675\" src=\"https:\/\/www.youtube.com\/embed\/HmxcGAzOx0s?feature=oembed\" frameborder=\"0\" allow=\"accelerometer; autoplay; clipboard-write; encrypted-media; gyroscope; picture-in-picture; web-share\" referrerpolicy=\"strict-origin-when-cross-origin\" allowfullscreen><\/iframe>"],"_oembed_time_aa4ddcc81f0efde5b3774d5b44a4601c":["1765721535"],"_uag_page_assets":["a:9:{s:3:\"css\";s:263:\".uag-blocks-common-selector{z-index:var(--z-index-desktop) !important}@media (max-width: 976px){.uag-blocks-common-selector{z-index:var(--z-index-tablet) !important}}@media (max-width: 767px){.uag-blocks-common-selector{z-index:var(--z-index-mobile) !important}}\n\";s:2:\"js\";s:0:\"\";s:18:\"current_block_list\";a:19:{i:0;s:10:\"core\/cover\";i:1;s:11:\"core\/spacer\";i:2;s:12:\"core\/heading\";i:3;s:14:\"core\/paragraph\";i:4;s:12:\"core\/columns\";i:5;s:11:\"core\/column\";i:6;s:10:\"core\/video\";i:9;s:10:\"core\/embed\";i:10;s:9:\"core\/html\";i:11;s:11:\"core\/search\";i:12;s:10:\"core\/group\";i:13;s:17:\"core\/latest-posts\";i:14;s:20:\"core\/latest-comments\";i:15;s:13:\"core\/archives\";i:16;s:15:\"core\/categories\";i:17;s:10:\"core\/image\";i:18;s:9:\"core\/list\";i:19;s:14:\"core\/list-item\";i:20;s:14:\"core\/page-list\";}s:8:\"uag_flag\";b:0;s:11:\"uag_version\";s:10:\"1777396494\";s:6:\"gfonts\";a:0:{}s:10:\"gfonts_url\";s:0:\"\";s:12:\"gfonts_files\";a:0:{}s:14:\"uag_faq_layout\";b:0;}"],"copied_media_ids":["a:7:{i:0;i:1877;i:1;i:1088;i:2;i:1114;i:3;i:2168;i:4;i:2169;i:5;i:1083;i:6;i:1084;}"],"referenced_media_ids":["a:0:{}"],"_wpml_word_count":["89"],"astra_style_timestamp_css":["1777396499"],"rank_math_og_content_image":["a:2:{s:5:\"check\";s:32:\"144c8f3b421ae03cdcb356e9849e5fef\";s:6:\"images\";a:1:{i:0;i:1877;}}"],"rank_math_title":["Galerie Vid\u00e9o: Visionnez Mes Projets Vid\u00e9os et Contenus Multim\u00e9dias | Margaux Le Brun"],"rank_math_description":["D\u00e9couvrez ma galerie vid\u00e9o et explorez mes diff\u00e9rents projets vid\u00e9ographiques, allant de courtes capsules vid\u00e9os aux court-m\u00e9trages po\u00e9tiques"],"rank_math_focus_keyword":["Projet vid\u00e9o"],"rank_math_news_sitemap_robots":["index"],"rank_math_robots":["a:1:{i:0;s:5:\"index\";}"],"rank_math_seo_score":["0"],"rank_math_internal_links_processed":["1"],"_uag_css_file_name":["uag-css-3116.css"]},"uagb_featured_image_src":{"full":false,"thumbnail":false,"medium":false,"medium_large":false,"large":false,"1536x1536":false,"2048x2048":false,"mailpoet_newsletter_max":false},"uagb_author_info":{"display_name":"margaux.lebrun","author_link":"https:\/\/margauxlebrun.com\/it\/author\/margaux-lebrun\/"},"uagb_comment_info":0,"uagb_excerpt":null,"_links":{"self":[{"href":"https:\/\/margauxlebrun.com\/it\/wp-json\/wp\/v2\/pages\/3116","targetHints":{"allow":["GET"]}}],"collection":[{"href":"https:\/\/margauxlebrun.com\/it\/wp-json\/wp\/v2\/pages"}],"about":[{"href":"https:\/\/margauxlebrun.com\/it\/wp-json\/wp\/v2\/types\/page"}],"author":[{"embeddable":true,"href":"https:\/\/margauxlebrun.com\/it\/wp-json\/wp\/v2\/users\/1"}],"replies":[{"embeddable":true,"href":"https:\/\/margauxlebrun.com\/it\/wp-json\/wp\/v2\/comments?post=3116"}],"version-history":[{"count":0,"href":"https:\/\/margauxlebrun.com\/it\/wp-json\/wp\/v2\/pages\/3116\/revisions"}],"wp:attachment":[{"href":"https:\/\/margauxlebrun.com\/it\/wp-json\/wp\/v2\/media?parent=3116"}],"curies":[{"name":"wp","href":"https:\/\/api.w.org\/{rel}","templated":true}]}}